{"id":11,"date":"2016-03-31T21:02:54","date_gmt":"2016-03-31T21:02:54","guid":{"rendered":"http:\/\/www.confortexpert.local\/?page_id=11"},"modified":"2024-08-22T11:51:56","modified_gmt":"2024-08-22T15:51:56","slug":"about-us","status":"publish","type":"page","link":"https:\/\/www.confortexpert.com\/en\/about-us\/","title":{"rendered":"About Us"},"content":{"rendered":"\n\n\t\t\t<img decoding=\"async\" loading='false' src=\"https:\/\/www.confortexpert.com\/wp-content\/uploads\/2021\/08\/hero.jpg\" alt=\"\" \/>\t\t\t\n\t\t\t\t<h1>ABOUT CONFORT EXPERT<\/h1>\n<p>&nbsp;<\/p>\n<h3>The largest residential air conditioning and heating company in Quebec<\/h3>\n\t\t\t\t<img loading=\"lazy\" decoding=\"async\" src=\"https:\/\/www.confortexpert.com\/wp-content\/uploads\/2022\/05\/Path-88.png\" alt=\"Path-88\" itemprop=\"image\" height=\"72\" width=\"78\" title=\"Path-88\" onerror=\"this.style.display='none'\"  \/>\n<h4>\n\t\tOver <b>200 employees<\/b>\n\t<\/h4>\n\t\t\t\t<img loading=\"lazy\" decoding=\"async\" src=\"https:\/\/www.confortexpert.com\/wp-content\/uploads\/2021\/08\/icon2.png\" alt=\"icon2\" itemprop=\"image\" height=\"107\" width=\"112\" title=\"icon2\" onerror=\"this.style.display='none'\"  \/>\n<h4>\n\t\t<b>The largest residential<\/b> heating and air conditioning company\n\t<\/h4>\n\t\t\t\t<img loading=\"lazy\" decoding=\"async\" src=\"https:\/\/www.confortexpert.com\/wp-content\/uploads\/2021\/08\/30-years.png\" alt=\"30-years\" itemprop=\"image\" height=\"70\" width=\"60\" title=\"30-years\" onerror=\"this.style.display='none'\"  \/>\n<h4>\n\t\tIn business for over <b>30 years<\/b>\n\t<\/h4>\n<h2>\n\t\tWho are we?\n\t<\/h2>\n\t<p>In business for over 30 years, Confort Expert has gained the trust of leading stakeholders in the energy field.<\/p>\n<ul> \t\n<li> Energy partner of Hydro Solutions, Gaz M\u00e9tro and Joseph \u00c9lie.<\/li>\n\n<li>Holds all the required licences from the R\u00e9gie du b\u00e2timent.<\/li>\n\n<li>Holds the licence required by the Office de la protection du consommateur.<\/li>\n\n<li>Received the specialized licences from the Corporation des ma\u00eetres \u00e9lectriciens du Qu\u00e9bec, CMMTQ and CETAF.With its expertise in heating, electricity, natural gas, oil, plumbing and air conditioning, Confort Expert is the leader in its field and offers quality service at the right price for a range of appliances offering an attractive quality-price ratio.<\/li>\n<\/ul>\n<h2>\n\t\tOur mission\n\t<\/h2>\n\t<p>As professionals in the field, our mission is to be your one-stop shop for home comfort. Here in Quebec, it takes extensive knowledge of residential heating, heat pump and air conditioning equipment to ensure your year-round comfort. And over the past 30 years, we have developed a methodology that proves we are experts in this field.<\/p>\n<p>The values we promote are ample proof of this:<\/p>\n<ul>\n<li> Passion<\/li>\n<li> Professionnalism<\/li>\n<li> Initiative<\/li>\n<\/ul>\n<p>Discover our teams dedicated to your comfort:<\/p>\n<ul>\n<li>11 teams  dedicated to  installing heating appliances,<\/li>\n<li>10 teams of refrigeration technicians covering the repair and maintenance of your appliances,<\/li>\n<li>12 electricians specialized in residential projects.<\/li>\n<\/ul>\n<h2>\n\t\tOur vision\n\t<\/h2>\n\t<p>We want to provide the fastest installation and repair service possible! And we can proudly say that when we give our customers a service date, <strong>we honor it!<\/strong><\/p>\n<p>In fact, we have 11 teams who can install an average of over 100 units per week, or 2,500 units per summer. Ten teams of technicians specializing in the repair and maintenance of heating, air conditioning and heat pumps also covering the territory to offer quick support in case of problems.<\/p>\n<p>But an excellent organization is also needed to coordinate everything. Confort Expert has a team that shares this commitment. From energy advisors to customer service, all employees have only one goal in mind: <strong>ensuring your comfort as quickly as possible.<\/strong><\/p>\n<h2>\n\t\tA challenging career awaits you!\n\t<\/h2>\n<h2>\n\t\tJoin the Confort Expert family\n\t<\/h2>\n\t\t\t<a href=\"https:\/\/staging-confortexpert.kinsta.cloud\/en\/about-us\/careers\/\" target=\"_self\" rel=\"noopener\">\n\t\t\t\t\t\t\tYour career\n\t\t\t\t\t<\/a>\n\n","protected":false},"excerpt":{"rendered":"<p>ABOUT CONFORT EXPERT &nbsp; The largest residential air conditioning and heating company in Quebec Over 200 employees The largest residential heating and air conditioning company In business for over 30 years Who are we? In business for over 30 years, Confort Expert has gained the trust of leading stakeholders in the energy field. Energy partner&hellip;<\/p>\n","protected":false},"author":2,"featured_media":0,"parent":0,"menu_order":0,"comment_status":"closed","ping_status":"closed","template":"","meta":{"xn-wppe-expiration":[],"xn-wppe-expiration-action":[],"xn-wppe-expiration-prefix":[],"inline_featured_image":false,"footnotes":""},"class_list":["post-11","page","type-page","status-publish","hentry"],"acf":[],"yoast_head":"<!-- This site is optimized with the Yoast SEO plugin v26.8 - https:\/\/yoast.com\/product\/yoast-seo-wordpress\/ -->\n<title>About us | Montreal | Confort Expert Inc.<\/title>\n<meta name=\"description\" content=\"Learn more about Confort Expert Inc, heating and air conditionning specialist in Montreal, Laval and on the South Shore. Contact us today at 514-640-7711.\" \/>\n<meta name=\"robots\" content=\"index, follow, max-snippet:-1, max-image-preview:large, max-video-preview:-1\" \/>\n<link rel=\"canonical\" href=\"https:\/\/www.confortexpert.com\/en\/about-us\/\" \/>\n<meta property=\"og:locale\" content=\"en_US\" \/>\n<meta property=\"og:type\" content=\"article\" \/>\n<meta property=\"og:title\" content=\"About us | Montreal | Confort Expert Inc.\" \/>\n<meta property=\"og:description\" content=\"Learn more about Confort Expert Inc, heating and air conditionning specialist in Montreal, Laval and on the South Shore. Contact us today at 514-640-7711.\" \/>\n<meta property=\"og:url\" content=\"https:\/\/www.confortexpert.com\/en\/about-us\/\" \/>\n<meta property=\"og:site_name\" content=\"Confort Expert Inc.\" \/>\n<meta property=\"article:modified_time\" content=\"2024-08-22T15:51:56+00:00\" \/>\n<meta property=\"og:image\" content=\"https:\/\/www.confortexpert.com\/wp-content\/uploads\/2021\/08\/hero.jpg\" \/>\n<meta name=\"twitter:card\" content=\"summary_large_image\" \/>\n<meta name=\"twitter:label1\" content=\"Est. reading time\" \/>\n\t<meta name=\"twitter:data1\" content=\"3 minutes\" \/>\n<!-- \/ Yoast SEO plugin. -->","yoast_head_json":{"title":"About us | Montreal | Confort Expert Inc.","description":"Learn more about Confort Expert Inc, heating and air conditionning specialist in Montreal, Laval and on the South Shore. Contact us today at 514-640-7711.","robots":{"index":"index","follow":"follow","max-snippet":"max-snippet:-1","max-image-preview":"max-image-preview:large","max-video-preview":"max-video-preview:-1"},"canonical":"https:\/\/www.confortexpert.com\/en\/about-us\/","og_locale":"en_US","og_type":"article","og_title":"About us | Montreal | Confort Expert Inc.","og_description":"Learn more about Confort Expert Inc, heating and air conditionning specialist in Montreal, Laval and on the South Shore. Contact us today at 514-640-7711.","og_url":"https:\/\/www.confortexpert.com\/en\/about-us\/","og_site_name":"Confort Expert Inc.","article_modified_time":"2024-08-22T15:51:56+00:00","og_image":[{"url":"https:\/\/www.confortexpert.com\/wp-content\/uploads\/2021\/08\/hero.jpg","type":"","width":"","height":""}],"twitter_card":"summary_large_image","twitter_misc":{"Est. reading time":"3 minutes"},"schema":{"@context":"https:\/\/schema.org","@graph":[{"@type":"WebPage","@id":"https:\/\/www.confortexpert.com\/en\/about-us\/","url":"https:\/\/www.confortexpert.com\/en\/about-us\/","name":"About us | Montreal | Confort Expert Inc.","isPartOf":{"@id":"https:\/\/www.confortexpert.com\/en\/#website"},"primaryImageOfPage":{"@id":"https:\/\/www.confortexpert.com\/en\/about-us\/#primaryimage"},"image":{"@id":"https:\/\/www.confortexpert.com\/en\/about-us\/#primaryimage"},"thumbnailUrl":"https:\/\/www.confortexpert.com\/wp-content\/uploads\/2021\/08\/hero.jpg","datePublished":"2016-03-31T21:02:54+00:00","dateModified":"2024-08-22T15:51:56+00:00","description":"Learn more about Confort Expert Inc, heating and air conditionning specialist in Montreal, Laval and on the South Shore. Contact us today at 514-640-7711.","breadcrumb":{"@id":"https:\/\/www.confortexpert.com\/en\/about-us\/#breadcrumb"},"inLanguage":"en-US","potentialAction":[{"@type":"ReadAction","target":["https:\/\/www.confortexpert.com\/en\/about-us\/"]}]},{"@type":"ImageObject","inLanguage":"en-US","@id":"https:\/\/www.confortexpert.com\/en\/about-us\/#primaryimage","url":"https:\/\/www.confortexpert.com\/wp-content\/uploads\/2021\/08\/hero.jpg","contentUrl":"https:\/\/www.confortexpert.com\/wp-content\/uploads\/2021\/08\/hero.jpg"},{"@type":"BreadcrumbList","@id":"https:\/\/www.confortexpert.com\/en\/about-us\/#breadcrumb","itemListElement":[{"@type":"ListItem","position":1,"name":"Home","item":"https:\/\/www.confortexpert.com\/en\/"},{"@type":"ListItem","position":2,"name":"About Us"}]},{"@type":"WebSite","@id":"https:\/\/www.confortexpert.com\/en\/#website","url":"https:\/\/www.confortexpert.com\/en\/","name":"Confort Expert Inc.","description":"","potentialAction":[{"@type":"SearchAction","target":{"@type":"EntryPoint","urlTemplate":"https:\/\/www.confortexpert.com\/en\/?s={search_term_string}"},"query-input":{"@type":"PropertyValueSpecification","valueRequired":true,"valueName":"search_term_string"}}],"inLanguage":"en-US"}]}},"_links":{"self":[{"href":"https:\/\/www.confortexpert.com\/en\/wp-json\/wp\/v2\/pages\/11","targetHints":{"allow":["GET"]}}],"collection":[{"href":"https:\/\/www.confortexpert.com\/en\/wp-json\/wp\/v2\/pages"}],"about":[{"href":"https:\/\/www.confortexpert.com\/en\/wp-json\/wp\/v2\/types\/page"}],"author":[{"embeddable":true,"href":"https:\/\/www.confortexpert.com\/en\/wp-json\/wp\/v2\/users\/2"}],"replies":[{"embeddable":true,"href":"https:\/\/www.confortexpert.com\/en\/wp-json\/wp\/v2\/comments?post=11"}],"version-history":[{"count":5,"href":"https:\/\/www.confortexpert.com\/en\/wp-json\/wp\/v2\/pages\/11\/revisions"}],"predecessor-version":[{"id":8358,"href":"https:\/\/www.confortexpert.com\/en\/wp-json\/wp\/v2\/pages\/11\/revisions\/8358"}],"wp:attachment":[{"href":"https:\/\/www.confortexpert.com\/en\/wp-json\/wp\/v2\/media?parent=11"}],"curies":[{"name":"wp","href":"https:\/\/api.w.org\/{rel}","templated":true}]}}