{"id":2414,"date":"2016-04-28T22:06:01","date_gmt":"2016-04-28T22:06:01","guid":{"rendered":"https:\/\/www.confortexpert.com\/municipalities-served"},"modified":"2021-06-16T16:08:11","modified_gmt":"2021-06-16T20:08:11","slug":"municipalities-served","status":"publish","type":"page","link":"https:\/\/www.confortexpert.com\/en\/municipalities-served\/","title":{"rendered":"MUNICIPALITIES SERVED"},"content":{"rendered":"<h1>LIST OF MUNICIPALITIES<\/h1>\n<h3>Island of Montreal<\/h3>\n<p>We serve all municipalities on the Island of Montreal.<\/p>\n<div style=\"height:335px; border:2px solid #eee; display:inline-block; overflow:hidden;\">\n<iframe loading=\"lazy\" style=\"position:relative; top:-46px; border:none;\" \n      src=\"https:\/\/www.google.com\/maps\/d\/u\/0\/embed?mid=1RFE4lZAqMoE3gS9u8KKkSQc6UBCYa_GD\" \n      width=\"800\" height=\"400\"><\/iframe>\n<\/div>\n<h3>Mont\u00e9r\u00e9gie (South Shore and West Side of Montreal)<\/h3>\n<ul>\n<li>Beauharnois<\/li>\n<li>Beloeil<\/li>\n<li>Boucherville<\/li>\n<li>Brossard<\/li>\n<li>Candiac<\/li>\n<li>Carigan<\/li>\n<li>Chambly<\/li>\n<li>Ch\u00e2teauguay<\/li>\n<li>Delson<\/li>\n<li>Greenfield Park<\/li>\n<li>Iberville<\/li>\n<li>La Prairie<\/li>\n<li>Lemoyne<\/li>\n<li>L\u2019\u00cele-Perrot<\/li>\n<li>Longueuil<\/li>\n<li>McMasterville<\/li>\n<li>Marieville<\/li>\n<li>Mercier <\/li>\n<li>Mont-Saint-Hilaire<\/li>\n<li>Notre-Dame-Bonsecours<\/li>\n<li>Notre-Dame-l\u2019\u00cele-Perrot<\/li>\n<li>Otterburn Park<\/li>\n<li>Pincourt<\/li>\n<li>Pointe-des-Cascades<\/li>\n<li>Richelieu<\/li>\n<li>Saint-Amable<\/li>\n<li>Saint-Basile-le-Grand<\/li>\n<li>Saint-Bruno-de-Montarville<\/li>\n<li>Saint-Constant<\/li>\n<li>Sainte-Catherine<\/li>\n<li>Sainte-Julie<\/li>\n<li>Saint-Hubert<\/li>\n<li>Saint-Jean-sur-Richelieu<\/li>\n<li>Saint-Lambert<\/li>\n<li>Saint-Lazare<\/li>\n<li>Saint-Luc<\/li>\n<li>Saint-Mathias-sur-Richelieu<\/li>\n<li>Saint-Mathieu-de-Beloeil<\/li>\n<li>Saint-Rapha\u00ebl-de-l\u2019\u00eele-Bizard<\/li>\n<li>Terrasse-Vaudreuil<\/li>\n<li>Varennes<\/li>\n<li>Vaudreuil-Dorion<\/li>\n<li>Vaudreuil-sur-le-Lac<\/li>\n<li>Verch\u00e8res<\/li>\n<li>Ville Sainte-Catherine<\/li>\n<\/ul>\n<h3>Laval, Laurentians and Lanaudi\u00e8re<\/h3>\n<ul>\n<li>Auteuil<\/li>\n<li>Blainville<\/li>\n<li>Boisbriand<\/li>\n<li>Bois-des-Filion<\/li>\n<li>Charlemagne<\/li>\n<li>Chomedey<\/li>\n<li>Deux-Montagnes<\/li>\n<li>Duvernay<\/li>\n<li>Fabreville<\/li>\n<li>\u00celes Laval<\/li>\n<li>Joliette<\/li>\n<li>La Plaine<\/li>\n<li>Lachenaie<\/li>\n<li>L\u2019Assomption<\/li>\n<li>Lavaltrie<\/li>\n<li>Laval<\/li>\n<li>Laval-des-Rapides<\/li>\n<li>Laval-Ouest<\/li>\n<li>Laval-sur-le-Lac<\/li>\n<li>Le Gardeur<\/li>\n<li>L\u2019\u00c9piphanie<\/li>\n<li>Lorraine<\/li>\n<li>Mascouche<\/li>\n<li>Mirabel \u2013 Domaine Vert Sud<\/li>\n<li>Mirabel \u2013 Domaine Vert Nord<\/li>\n<li>Oka<\/li>\n<li>Pointe-Calumet<\/li>\n<li>Pont-Viau<\/li>\n<li>Repentigny<\/li>\n<li>Rosem\u00e8re<\/li>\n<li>Saint Antoine<\/li>\n<li>Saint-Augustin<\/li>\n<li>Sainte-Anne-des-Plaines<\/li>\n<li>Saint-Charles-Borrom\u00e9<\/li>\n<li>Sainte-Doroth\u00e9e<\/li>\n<li>Saint-Eustache<\/li>\n<li>Saint-Fran\u00e7ois<\/li>\n<li>Saint-Janvier<\/li>\n<li>Saint J\u00e9r\u00f4me<\/li>\n<li>Saint-Joseph-du-Lac<\/li>\n<li>Sainte-Marthe-sur-le-Lac<\/li>\n<li>Sainte-Rose<\/li>\n<li>Sainte Sophie<\/li>\n<li>Saint-Sulpice<\/li>\n<li>Sainte-Th\u00e9r\u00e8se<\/li>\n<li>Sainte-Th\u00e9r\u00e8se-Ouest<\/li>\n<li>Saint-Vincent-de-Paul<\/li>\n<li>Terrebonne<\/li>\n<li>Vimont<\/li>\n<\/ul>\n","protected":false},"excerpt":{"rendered":"<p>LIST OF MUNICIPALITIES Island of Montreal We serve all municipalities on the Island of Montreal. Mont\u00e9r\u00e9gie (South Shore and West Side of Montreal) Beauharnois Beloeil Boucherville Brossard Candiac Carigan Chambly Ch\u00e2teauguay Delson Greenfield Park Iberville La Prairie Lemoyne L\u2019\u00cele-Perrot Longueuil McMasterville Marieville Mercier Mont-Saint-Hilaire Notre-Dame-Bonsecours Notre-Dame-l\u2019\u00cele-Perrot Otterburn Park Pincourt Pointe-des-Cascades Richelieu Saint-Amable Saint-Basile-le-Grand Saint-Bruno-de-Montarville Saint-Constant&hellip;<\/p>\n","protected":false},"author":2,"featured_media":0,"parent":0,"menu_order":0,"comment_status":"closed","ping_status":"closed","template":"","meta":{"xn-wppe-expiration":[],"xn-wppe-expiration-action":[],"xn-wppe-expiration-prefix":[],"inline_featured_image":false,"footnotes":""},"class_list":["post-2414","page","type-page","status-publish","hentry"],"acf":[],"yoast_head":"<!-- This site is optimized with the Yoast SEO plugin v26.8 - https:\/\/yoast.com\/product\/yoast-seo-wordpress\/ -->\n<title>Municipalities Served | Montreal | Confort Expert Inc.<\/title>\n<meta name=\"description\" content=\"Do you need heating &amp; air conditioning products? Confort Expert serves different municipalities in the Greater Montreal. Visit our website to know more about it\" \/>\n<meta name=\"robots\" content=\"index, follow, max-snippet:-1, max-image-preview:large, max-video-preview:-1\" \/>\n<link rel=\"canonical\" href=\"https:\/\/www.confortexpert.com\/en\/municipalities-served\/\" \/>\n<meta property=\"og:locale\" content=\"en_US\" \/>\n<meta property=\"og:type\" content=\"article\" \/>\n<meta property=\"og:title\" content=\"Municipalities Served | Montreal | Confort Expert Inc.\" \/>\n<meta property=\"og:description\" content=\"Do you need heating &amp; air conditioning products? Confort Expert serves different municipalities in the Greater Montreal. Visit our website to know more about it\" \/>\n<meta property=\"og:url\" content=\"https:\/\/www.confortexpert.com\/en\/municipalities-served\/\" \/>\n<meta property=\"og:site_name\" content=\"Confort Expert Inc.\" \/>\n<meta property=\"article:modified_time\" content=\"2021-06-16T20:08:11+00:00\" \/>\n<meta name=\"twitter:card\" content=\"summary_large_image\" \/>\n<meta name=\"twitter:label1\" content=\"Est. reading time\" \/>\n\t<meta name=\"twitter:data1\" content=\"1 minute\" \/>\n<!-- \/ Yoast SEO plugin. -->","yoast_head_json":{"title":"Municipalities Served | Montreal | Confort Expert Inc.","description":"Do you need heating & air conditioning products? Confort Expert serves different municipalities in the Greater Montreal. Visit our website to know more about it","robots":{"index":"index","follow":"follow","max-snippet":"max-snippet:-1","max-image-preview":"max-image-preview:large","max-video-preview":"max-video-preview:-1"},"canonical":"https:\/\/www.confortexpert.com\/en\/municipalities-served\/","og_locale":"en_US","og_type":"article","og_title":"Municipalities Served | Montreal | Confort Expert Inc.","og_description":"Do you need heating & air conditioning products? Confort Expert serves different municipalities in the Greater Montreal. Visit our website to know more about it","og_url":"https:\/\/www.confortexpert.com\/en\/municipalities-served\/","og_site_name":"Confort Expert Inc.","article_modified_time":"2021-06-16T20:08:11+00:00","twitter_card":"summary_large_image","twitter_misc":{"Est. reading time":"1 minute"},"schema":{"@context":"https:\/\/schema.org","@graph":[{"@type":"WebPage","@id":"https:\/\/www.confortexpert.com\/en\/municipalities-served\/","url":"https:\/\/www.confortexpert.com\/en\/municipalities-served\/","name":"Municipalities Served | Montreal | Confort Expert Inc.","isPartOf":{"@id":"https:\/\/www.confortexpert.com\/en\/#website"},"datePublished":"2016-04-28T22:06:01+00:00","dateModified":"2021-06-16T20:08:11+00:00","description":"Do you need heating & air conditioning products? Confort Expert serves different municipalities in the Greater Montreal. Visit our website to know more about it","breadcrumb":{"@id":"https:\/\/www.confortexpert.com\/en\/municipalities-served\/#breadcrumb"},"inLanguage":"en-US","potentialAction":[{"@type":"ReadAction","target":["https:\/\/www.confortexpert.com\/en\/municipalities-served\/"]}]},{"@type":"BreadcrumbList","@id":"https:\/\/www.confortexpert.com\/en\/municipalities-served\/#breadcrumb","itemListElement":[{"@type":"ListItem","position":1,"name":"Home","item":"https:\/\/www.confortexpert.com\/en\/"},{"@type":"ListItem","position":2,"name":"MUNICIPALITIES SERVED"}]},{"@type":"WebSite","@id":"https:\/\/www.confortexpert.com\/en\/#website","url":"https:\/\/www.confortexpert.com\/en\/","name":"Confort Expert Inc.","description":"","potentialAction":[{"@type":"SearchAction","target":{"@type":"EntryPoint","urlTemplate":"https:\/\/www.confortexpert.com\/en\/?s={search_term_string}"},"query-input":{"@type":"PropertyValueSpecification","valueRequired":true,"valueName":"search_term_string"}}],"inLanguage":"en-US"}]}},"_links":{"self":[{"href":"https:\/\/www.confortexpert.com\/en\/wp-json\/wp\/v2\/pages\/2414","targetHints":{"allow":["GET"]}}],"collection":[{"href":"https:\/\/www.confortexpert.com\/en\/wp-json\/wp\/v2\/pages"}],"about":[{"href":"https:\/\/www.confortexpert.com\/en\/wp-json\/wp\/v2\/types\/page"}],"author":[{"embeddable":true,"href":"https:\/\/www.confortexpert.com\/en\/wp-json\/wp\/v2\/users\/2"}],"replies":[{"embeddable":true,"href":"https:\/\/www.confortexpert.com\/en\/wp-json\/wp\/v2\/comments?post=2414"}],"version-history":[{"count":1,"href":"https:\/\/www.confortexpert.com\/en\/wp-json\/wp\/v2\/pages\/2414\/revisions"}],"predecessor-version":[{"id":5067,"href":"https:\/\/www.confortexpert.com\/en\/wp-json\/wp\/v2\/pages\/2414\/revisions\/5067"}],"wp:attachment":[{"href":"https:\/\/www.confortexpert.com\/en\/wp-json\/wp\/v2\/media?parent=2414"}],"curies":[{"name":"wp","href":"https:\/\/api.w.org\/{rel}","templated":true}]}}