{"id":2423,"date":"2016-04-19T21:24:50","date_gmt":"2016-04-19T21:24:50","guid":{"rendered":"https:\/\/www.confortexpert.com\/water-heaters"},"modified":"2024-02-27T16:38:06","modified_gmt":"2024-02-27T21:38:06","slug":"water-heaters","status":"publish","type":"page","link":"https:\/\/www.confortexpert.com\/en\/accessories\/water-heaters\/","title":{"rendered":"Water Heaters"},"content":{"rendered":"<h1><strong>Electric Water Heater \u2013 Natural Gas Water Heater<\/strong><\/h1>\n<p>Did you know that among your overall energy costs, heating water ranks second after heating your home? Yes, hot water can get expensive\u2026 but that doesn\u2019t mean there\u2019s no way to save money!<\/p>\n<p>At Confort Expert, we offer high-performance hot water heaters that run on electricity and natural gas. Our appliances offer superior energy efficiency to help ensure that you\u2019ll always have a steady supply of hot water.<\/p>\n<p>&nbsp;<\/p>\n<p><strong>When Should You Replace Your Hot Water Heater?<\/strong><\/p>\n<p>Depending on the quality of your appliance and your water\u2019s mineral content, your hot water heater could start to show signs of age well before it hits the ten-year mark. Here are a few signs you should look out for:<\/p>\n<ul>\n<li>Your water isn\u2019t as hot as it used to be<\/li>\n<li>The water is brownish in color<\/li>\n<li>Your water is foggy<\/li>\n<li>The bottom of your appliance shows signs of rust or humidity<\/li>\n<\/ul>\n<p>Keep an eye on your appliance regularly. Corrosion inside your appliance could take its toll and cause water damage. An older water heater can also inflate your electricity bill significantly!<\/p>\n<p>&nbsp;<\/p>\n<p><strong>Our Products<\/strong><\/p>\n<p>At Confort Expert, we offer efficient hot water heaters that run on three different types of power:<\/p>\n<ul>\n<li>Electric water heaters<\/li>\n<li>Gas water heaters<\/li>\n<\/ul>\n<p>All of our appliances meet the highest quality standards. Choose from a wide variety of models and formats manufactured by the most well-known brands on the market.<\/p>\n<ul>\n<li>Is your hot water heater on its last legs?<\/li>\n<li>Are you dealing with an emergency?<\/li>\n<li>Are you in the market for a new water heater?<\/li>\n<li>Do you need help choosing a format?<\/li>\n<li>Would you like to know more about our products?<\/li>\n<\/ul>\n<p>&nbsp;<\/p>\n<p><strong><a href=\"\/en\/contact-us\">Get in touch with one of our qualified consultants today!<\/a><\/strong><\/p>\n<p>&nbsp;<\/p>\n<p><strong>Installation <\/strong><\/p>\n<p>Installing a hot water heater requires specific knowledge and expertise. To set your mind at ease, we recommend hiring a professional to install your appliance.<\/p>\n<p>At Confort Expert, our team offers quality installation services that meet all electrical and plumbing standards, in addition to respecting the existing regulations set forth by the RBQ (<a href=\"https:\/\/www.rbq.gouv.qc.ca\/en\/laws-regulations-and-codes\/par-domaine\/plumbing.html\" target=\"_blank\" rel=\"noopener noreferrer\">R\u00e9gie du b\u00e2timent du Qu\u00e9bec<\/a>).<\/p>\n<p>&nbsp;<\/p>\n<p><strong>You Deserve the Best!<\/strong><\/p>\n<p>At Confort Expert, all of our hot water and natural gas water heaters have been carefully selected to meet the highest standards of quality. Take advantage of our expertise to figure out which hot water heater is best for you and your entire family. You\u2019ll never run out of hot water again!<\/p>\n<p><a href=\"\/en\/contact-us\">Give us a call<\/a> or <a href=\"\/en\/contact-us\">visit our showroom<\/a> from Monday to Friday, between 9 a.m. and 5 p.m.<\/p>\n","protected":false},"excerpt":{"rendered":"<p>Electric Water Heater \u2013 Natural Gas Water Heater Did you know that among your overall energy costs, heating water ranks second after heating your home? Yes, hot water can get expensive\u2026 but that doesn\u2019t mean there\u2019s no way to save money! At Confort Expert, we offer high-performance hot water heaters that run on electricity and&hellip;<\/p>\n","protected":false},"author":2,"featured_media":0,"parent":2437,"menu_order":0,"comment_status":"closed","ping_status":"closed","template":"","meta":{"xn-wppe-expiration":[],"xn-wppe-expiration-action":[],"xn-wppe-expiration-prefix":[],"inline_featured_image":false,"footnotes":""},"class_list":["post-2423","page","type-page","status-publish","hentry"],"acf":[],"yoast_head":"<!-- This site is optimized with the Yoast SEO plugin v26.8 - https:\/\/yoast.com\/product\/yoast-seo-wordpress\/ -->\n<title>Electric Natural Gas Oil Water Heater Montreal | Confort Expert Inc.<\/title>\n<meta name=\"description\" content=\"Confort Expert offers top-of-the-line water-heaters for the heating of your residence in Montreal and Laval. Contact us today for more information.\" \/>\n<meta name=\"robots\" content=\"index, follow, max-snippet:-1, max-image-preview:large, max-video-preview:-1\" \/>\n<link rel=\"canonical\" href=\"https:\/\/www.confortexpert.com\/en\/accessories\/water-heaters\/\" \/>\n<meta property=\"og:locale\" content=\"en_US\" \/>\n<meta property=\"og:type\" content=\"article\" \/>\n<meta property=\"og:title\" content=\"Electric Natural Gas Oil Water Heater Montreal | Confort Expert Inc.\" \/>\n<meta property=\"og:description\" content=\"Confort Expert offers top-of-the-line water-heaters for the heating of your residence in Montreal and Laval. Contact us today for more information.\" \/>\n<meta property=\"og:url\" content=\"https:\/\/www.confortexpert.com\/en\/accessories\/water-heaters\/\" \/>\n<meta property=\"og:site_name\" content=\"Confort Expert Inc.\" \/>\n<meta property=\"article:modified_time\" content=\"2024-02-27T21:38:06+00:00\" \/>\n<meta name=\"twitter:card\" content=\"summary_large_image\" \/>\n<meta name=\"twitter:label1\" content=\"Est. reading time\" \/>\n\t<meta name=\"twitter:data1\" content=\"2 minutes\" \/>\n<!-- \/ Yoast SEO plugin. -->","yoast_head_json":{"title":"Electric Natural Gas Oil Water Heater Montreal | Confort Expert Inc.","description":"Confort Expert offers top-of-the-line water-heaters for the heating of your residence in Montreal and Laval. Contact us today for more information.","robots":{"index":"index","follow":"follow","max-snippet":"max-snippet:-1","max-image-preview":"max-image-preview:large","max-video-preview":"max-video-preview:-1"},"canonical":"https:\/\/www.confortexpert.com\/en\/accessories\/water-heaters\/","og_locale":"en_US","og_type":"article","og_title":"Electric Natural Gas Oil Water Heater Montreal | Confort Expert Inc.","og_description":"Confort Expert offers top-of-the-line water-heaters for the heating of your residence in Montreal and Laval. Contact us today for more information.","og_url":"https:\/\/www.confortexpert.com\/en\/accessories\/water-heaters\/","og_site_name":"Confort Expert Inc.","article_modified_time":"2024-02-27T21:38:06+00:00","twitter_card":"summary_large_image","twitter_misc":{"Est. reading time":"2 minutes"},"schema":{"@context":"https:\/\/schema.org","@graph":[{"@type":"WebPage","@id":"https:\/\/www.confortexpert.com\/en\/accessories\/water-heaters\/","url":"https:\/\/www.confortexpert.com\/en\/accessories\/water-heaters\/","name":"Electric Natural Gas Oil Water Heater Montreal | Confort Expert Inc.","isPartOf":{"@id":"https:\/\/www.confortexpert.com\/en\/#website"},"datePublished":"2016-04-19T21:24:50+00:00","dateModified":"2024-02-27T21:38:06+00:00","description":"Confort Expert offers top-of-the-line water-heaters for the heating of your residence in Montreal and Laval. Contact us today for more information.","breadcrumb":{"@id":"https:\/\/www.confortexpert.com\/en\/accessories\/water-heaters\/#breadcrumb"},"inLanguage":"en-US","potentialAction":[{"@type":"ReadAction","target":["https:\/\/www.confortexpert.com\/en\/accessories\/water-heaters\/"]}]},{"@type":"BreadcrumbList","@id":"https:\/\/www.confortexpert.com\/en\/accessories\/water-heaters\/#breadcrumb","itemListElement":[{"@type":"ListItem","position":1,"name":"Home","item":"https:\/\/www.confortexpert.com\/en\/"},{"@type":"ListItem","position":2,"name":"Accessories","item":"https:\/\/www.confortexpert.com\/en\/accessories\/"},{"@type":"ListItem","position":3,"name":"Water Heaters"}]},{"@type":"WebSite","@id":"https:\/\/www.confortexpert.com\/en\/#website","url":"https:\/\/www.confortexpert.com\/en\/","name":"Confort Expert Inc.","description":"","potentialAction":[{"@type":"SearchAction","target":{"@type":"EntryPoint","urlTemplate":"https:\/\/www.confortexpert.com\/en\/?s={search_term_string}"},"query-input":{"@type":"PropertyValueSpecification","valueRequired":true,"valueName":"search_term_string"}}],"inLanguage":"en-US"}]}},"_links":{"self":[{"href":"https:\/\/www.confortexpert.com\/en\/wp-json\/wp\/v2\/pages\/2423","targetHints":{"allow":["GET"]}}],"collection":[{"href":"https:\/\/www.confortexpert.com\/en\/wp-json\/wp\/v2\/pages"}],"about":[{"href":"https:\/\/www.confortexpert.com\/en\/wp-json\/wp\/v2\/types\/page"}],"author":[{"embeddable":true,"href":"https:\/\/www.confortexpert.com\/en\/wp-json\/wp\/v2\/users\/2"}],"replies":[{"embeddable":true,"href":"https:\/\/www.confortexpert.com\/en\/wp-json\/wp\/v2\/comments?post=2423"}],"version-history":[{"count":4,"href":"https:\/\/www.confortexpert.com\/en\/wp-json\/wp\/v2\/pages\/2423\/revisions"}],"predecessor-version":[{"id":6958,"href":"https:\/\/www.confortexpert.com\/en\/wp-json\/wp\/v2\/pages\/2423\/revisions\/6958"}],"up":[{"embeddable":true,"href":"https:\/\/www.confortexpert.com\/en\/wp-json\/wp\/v2\/pages\/2437"}],"wp:attachment":[{"href":"https:\/\/www.confortexpert.com\/en\/wp-json\/wp\/v2\/media?parent=2423"}],"curies":[{"name":"wp","href":"https:\/\/api.w.org\/{rel}","templated":true}]}}