{"id":2425,"date":"2024-02-21T06:00:58","date_gmt":"2024-02-21T11:00:58","guid":{"rendered":"https:\/\/www.confortexpert.com\/wall-air-conditioner"},"modified":"2024-10-04T11:56:18","modified_gmt":"2024-10-04T15:56:18","slug":"wall-air-conditioner","status":"publish","type":"page","link":"https:\/\/www.confortexpert.com\/en\/air-conditioning\/wall-air-conditioner\/","title":{"rendered":"Wall Air Conditioner"},"content":{"rendered":"\n\n\t<h1>Get a Wall Air Conditioner in Greater Montreal<\/h1>\n<p>Confort Expert offers you quality, high-performance wall-mounted air conditioners that are accredited by the Standards Council of Canada, and our installers are trained according to the most stringent requirements on the market. But before buying or installing an air conditioning wall unit, don&#8217;t forget to make the necessary checks beforehand <em>(see <\/em><a href=\"https:\/\/www.rbq.gouv.qc.ca\/salle-de-presse\/les-nouvelles\/nouvelles-detail\/item\/unites-murales-de-climatisation-achat-et-installation-1.html\" target=\"_blank\" rel=\"noopener noreferrer\"><em>article<\/em><\/a><em> from the R\u00e9gie du B\u00e2timent du Qu\u00e9bec)<\/em>.<\/p>\n<p>&nbsp;<\/p>\n<strong>Modernize your home<\/strong><br \/>\nReplace obsolete and energy-intensive equipment to increase the performance of your wall-mounted air conditioning installations. At Confort Expert Inc. enjoy our wide range of wall-mounted air conditioning systems for the Montreal and South Shore region. Our versatile, diversified and professional team is ready to give you expert advice.\n<p>&nbsp;<\/p>\n<strong>Intelligent systems<\/strong><br \/>\nProgram and automate your wall-mounted air conditioning in a simple and centralized way to have absolute control over the climate of your home. Benefit from sustainable and efficient technology that meets the highest quality standards on the market. We offer you simplicity of use for all your projects and updates, without having to rely on complex technologies.\n<p>&nbsp;<\/p>\n<strong>Expertise, know-how and technical support<\/strong><br \/>\nConfort Expert Inc. only offers you brands that are recognized in the residential air conditioning market. Our products are adapted according to customer requirements and offered according to their specific needs. Our team will answer all your questions and ensure better energy efficiency of your equipment.\n<p>&nbsp;<\/p>\n<p><strong>Choosing the right wall-mounted air conditioning<\/strong><\/p>\n<p>Here are some important criteria to consider:<\/p>\n<ul>\n<li>The quality of the device and service<\/li>\n<li>The guarantee<\/li>\n<li>Installation by a contractor with the required licenses<\/li>\n<li>The power<\/li>\n<li>Energy efficiency<\/li>\n<li>The price<\/li>\n<li>The noise level<\/li>\n<li>Air quality<\/li>\n<li>The interview<\/li>\n<\/ul>\n<p>We have the knowledge and expertise to help you select wall-mounted air conditioning. At Confort Expert Inc., we have unique expertise to assist you in implementing the best maintenance and control practices for your equipment.<\/p>\n<p>&nbsp;<\/p>\n<strong>Design, programming and customization<\/strong><br \/>\nConfort Expert Inc.&#8217;s strength lies in its attention to detail, offering personalized service and superior quality wall-mounted air conditioners so that you can take full advantage of your home in Montreal or on the South Shore. We are committed to all stages of selection in order to exceed your expectations. Whether during the construction or renovation of your home, Confort Expert Inc. will guide you in choosing the best solutions.\n<p>&nbsp;<\/p>\n<p><strong>Want to know more?<\/strong> <a href=\"\/en\/contact-us\">Contact our team.<\/a><\/p>\n\n\n","protected":false},"excerpt":{"rendered":"<p>Get a Wall Air Conditioner in Greater Montreal Confort Expert offers you quality, high-performance wall-mounted air conditioners that are accredited by the Standards Council of Canada, and our installers are trained according to the most stringent requirements on the market. But before buying or installing an air conditioning wall unit, don&#8217;t forget to make the&hellip;<\/p>\n","protected":false},"author":2,"featured_media":0,"parent":2439,"menu_order":0,"comment_status":"closed","ping_status":"closed","template":"","meta":{"xn-wppe-expiration":[],"xn-wppe-expiration-action":[],"xn-wppe-expiration-prefix":[],"inline_featured_image":false,"footnotes":""},"class_list":["post-2425","page","type-page","status-publish","hentry"],"acf":[],"yoast_head":"<!-- This site is optimized with the Yoast SEO plugin v26.8 - https:\/\/yoast.com\/product\/yoast-seo-wordpress\/ -->\n<title>Wall Air Conditioner in Greater Montreal | Confort Expert Inc.<\/title>\n<meta name=\"description\" content=\"For wall mounted air conditioner installation in Montreal, Quebec and the surroundings (Laval, South Shore, North Shore) you can trust Confort Expert. Call us!\" \/>\n<meta name=\"robots\" content=\"index, follow, max-snippet:-1, max-image-preview:large, max-video-preview:-1\" \/>\n<link rel=\"canonical\" href=\"https:\/\/www.confortexpert.com\/en\/air-conditioning\/wall-air-conditioner\/\" \/>\n<meta property=\"og:locale\" content=\"en_US\" \/>\n<meta property=\"og:type\" content=\"article\" \/>\n<meta property=\"og:title\" content=\"Wall Air Conditioner in Greater Montreal | Confort Expert Inc.\" \/>\n<meta property=\"og:description\" content=\"For wall mounted air conditioner installation in Montreal, Quebec and the surroundings (Laval, South Shore, North Shore) you can trust Confort Expert. Call us!\" \/>\n<meta property=\"og:url\" content=\"https:\/\/www.confortexpert.com\/en\/air-conditioning\/wall-air-conditioner\/\" \/>\n<meta property=\"og:site_name\" content=\"Confort Expert Inc.\" \/>\n<meta property=\"article:modified_time\" content=\"2024-10-04T15:56:18+00:00\" \/>\n<meta name=\"twitter:card\" content=\"summary_large_image\" \/>\n<meta name=\"twitter:label1\" content=\"Est. reading time\" \/>\n\t<meta name=\"twitter:data1\" content=\"2 minutes\" \/>\n<!-- \/ Yoast SEO plugin. -->","yoast_head_json":{"title":"Wall Air Conditioner in Greater Montreal | Confort Expert Inc.","description":"For wall mounted air conditioner installation in Montreal, Quebec and the surroundings (Laval, South Shore, North Shore) you can trust Confort Expert. Call us!","robots":{"index":"index","follow":"follow","max-snippet":"max-snippet:-1","max-image-preview":"max-image-preview:large","max-video-preview":"max-video-preview:-1"},"canonical":"https:\/\/www.confortexpert.com\/en\/air-conditioning\/wall-air-conditioner\/","og_locale":"en_US","og_type":"article","og_title":"Wall Air Conditioner in Greater Montreal | Confort Expert Inc.","og_description":"For wall mounted air conditioner installation in Montreal, Quebec and the surroundings (Laval, South Shore, North Shore) you can trust Confort Expert. Call us!","og_url":"https:\/\/www.confortexpert.com\/en\/air-conditioning\/wall-air-conditioner\/","og_site_name":"Confort Expert Inc.","article_modified_time":"2024-10-04T15:56:18+00:00","twitter_card":"summary_large_image","twitter_misc":{"Est. reading time":"2 minutes"},"schema":{"@context":"https:\/\/schema.org","@graph":[{"@type":"WebPage","@id":"https:\/\/www.confortexpert.com\/en\/air-conditioning\/wall-air-conditioner\/","url":"https:\/\/www.confortexpert.com\/en\/air-conditioning\/wall-air-conditioner\/","name":"Wall Air Conditioner in Greater Montreal | Confort Expert Inc.","isPartOf":{"@id":"https:\/\/www.confortexpert.com\/en\/#website"},"datePublished":"2024-02-21T11:00:58+00:00","dateModified":"2024-10-04T15:56:18+00:00","description":"For wall mounted air conditioner installation in Montreal, Quebec and the surroundings (Laval, South Shore, North Shore) you can trust Confort Expert. Call us!","breadcrumb":{"@id":"https:\/\/www.confortexpert.com\/en\/air-conditioning\/wall-air-conditioner\/#breadcrumb"},"inLanguage":"en-US","potentialAction":[{"@type":"ReadAction","target":["https:\/\/www.confortexpert.com\/en\/air-conditioning\/wall-air-conditioner\/"]}]},{"@type":"BreadcrumbList","@id":"https:\/\/www.confortexpert.com\/en\/air-conditioning\/wall-air-conditioner\/#breadcrumb","itemListElement":[{"@type":"ListItem","position":1,"name":"Home","item":"https:\/\/www.confortexpert.com\/en\/"},{"@type":"ListItem","position":2,"name":"Air Conditioning","item":"https:\/\/www.confortexpert.com\/en\/air-conditioning\/"},{"@type":"ListItem","position":3,"name":"Wall Air Conditioner"}]},{"@type":"WebSite","@id":"https:\/\/www.confortexpert.com\/en\/#website","url":"https:\/\/www.confortexpert.com\/en\/","name":"Confort Expert Inc.","description":"","potentialAction":[{"@type":"SearchAction","target":{"@type":"EntryPoint","urlTemplate":"https:\/\/www.confortexpert.com\/en\/?s={search_term_string}"},"query-input":{"@type":"PropertyValueSpecification","valueRequired":true,"valueName":"search_term_string"}}],"inLanguage":"en-US"}]}},"_links":{"self":[{"href":"https:\/\/www.confortexpert.com\/en\/wp-json\/wp\/v2\/pages\/2425","targetHints":{"allow":["GET"]}}],"collection":[{"href":"https:\/\/www.confortexpert.com\/en\/wp-json\/wp\/v2\/pages"}],"about":[{"href":"https:\/\/www.confortexpert.com\/en\/wp-json\/wp\/v2\/types\/page"}],"author":[{"embeddable":true,"href":"https:\/\/www.confortexpert.com\/en\/wp-json\/wp\/v2\/users\/2"}],"replies":[{"embeddable":true,"href":"https:\/\/www.confortexpert.com\/en\/wp-json\/wp\/v2\/comments?post=2425"}],"version-history":[{"count":6,"href":"https:\/\/www.confortexpert.com\/en\/wp-json\/wp\/v2\/pages\/2425\/revisions"}],"predecessor-version":[{"id":8719,"href":"https:\/\/www.confortexpert.com\/en\/wp-json\/wp\/v2\/pages\/2425\/revisions\/8719"}],"up":[{"embeddable":true,"href":"https:\/\/www.confortexpert.com\/en\/wp-json\/wp\/v2\/pages\/2439"}],"wp:attachment":[{"href":"https:\/\/www.confortexpert.com\/en\/wp-json\/wp\/v2\/media?parent=2425"}],"curies":[{"name":"wp","href":"https:\/\/api.w.org\/{rel}","templated":true}]}}