{"id":2427,"date":"2016-04-19T21:14:48","date_gmt":"2016-04-19T21:14:48","guid":{"rendered":"https:\/\/www.confortexpert.com\/heating\/boilers"},"modified":"2024-08-15T12:30:08","modified_gmt":"2024-08-15T16:30:08","slug":"boilers","status":"publish","type":"page","link":"https:\/\/www.confortexpert.com\/en\/heating\/boilers\/","title":{"rendered":"Boilers"},"content":{"rendered":"<h1>Electric Boiler, Gas Boiler and Oil Fired Boiler in Montreal and Laval<\/h1>\n<p>Boilers that run on electricity, natural gas, or fuel oil are especially durable. When the weather gets very cold, dual-energy boiler systems are an effective, eco-friendly option that can help save you money.<\/p>\n<p>At Confort Expert, we offer a wide range of hydronic heating appliances. Our boilers are manufactured by some of the most well-known brands on the market, including:<\/p>\n<ul>\n<li style=\"list-style-type: none;\">\n<ul>\n<li><a href=\"#thermo\">Thermo 2000<\/a><\/li>\n<li><a href=\"#lock\">Lochinvar<\/a><\/li>\n<\/ul>\n<\/li>\n<\/ul>\n<p><strong>How Does It Work?<\/strong><\/p>\n<p>Boilers, also known as water heaters, use water to carry heat generated either by electricity, natural gas, or fuel oil. The heated water is sent to a radiator that distributes heat throughout the room. Once cooled, the water is sent back to the boiler to be reheated. If the water is able to circulate naturally, a gravity system will be used. Otherwise, a pumping system can be installed to force circulation.<\/p>\n<p>&nbsp;<\/p>\n<p><strong>Electric Boilers<\/strong>: Easy to install, effective and clean, the electric boiler is a compact heating unit that is perfect for private homes, condominiums, and commercial spaces.<\/p>\n<p><strong>Gas Fired Boilers<\/strong>: Due to their impressive energy efficiency, gas-fired boilers are among the most effective heating solutions on the market. Two types of natural gas boilers exist conventional steam boilers and condensing boilers. Whichever one you choose, these systems burn clean with very few polluting particles.<\/p>\n<p>&nbsp;<\/p>\n<p><strong>When Should You Replace Your Boiler? <\/strong><\/p>\n<p>The RBQ (<a href=\"https:\/\/www.rbq.gouv.qc.ca\/en\/citizen\/think-safety-at-home\/choose-only-certified-equipment\/heating-systems.html\" target=\"_blank\" rel=\"noopener noreferrer\">R\u00e9gie du b\u00e2timent du Qu\u00e9bec<\/a>) recommends that all-natural gas be inspected annually by a specialized technician. In addition to inspecting the piping and looking for signs of potential water damage, the technician will be able to extract excess air, which can harm regular water circulation.<\/p>\n<p>Unless it breaks for some reason, a well-maintained electric boiler can remain 100% effective almost indefinitely. Depending on the age of the appliance, gas-fired boilers can convert 95% of energy into heat. That figure is 82% for oil-fired boilers.<\/p>\n<p>Here\u2019s a tip: Don\u2019t wait until your heating system is broken or defective to make a change. Schedule an appointment with one of our energy experts today. We\u2019ll evaluate your current heating system and suggest the best solutions for your needs.<\/p>\n<p><strong><a href=\"\/en\/quote\">Get a free, in-home quote!<\/a><\/strong><\/p>\n<p>&nbsp;<\/p>\n<p><strong>Advantages to consider:<\/strong><\/p>\n<ul>\n<li>Available in a power failure (natural gas boilers)<\/li>\n<li>Fast, consistent heat<\/li>\n<li>Reliability<\/li>\n<li>Durability<\/li>\n<li>High energy-performance<\/li>\n<li>Major savings on heating costs in dual-energy mode<\/li>\n<\/ul>\n<p>&nbsp;<\/p>\n<p><strong>Need an expert? We come to your house for free!<\/strong><\/p>\n<p>Confort Expert advisors are trained to help you find the best boiler for your home. Our experts come to your home for a free professional quote with no obligation on your part.<\/p>\n<ul id=\"thermo\">\n<li>Quality appliances<\/li>\n<li>Technicians trained to our own high standards<\/li>\n<li>Free on-site estimate<\/li>\n<\/ul>\n<p>At Confort Expert, our team can help. <a href=\"\/en\/contact-us\">Give us a call<\/a> or <a href=\"\/en\/contact-us\">stop by to see us<\/a>!<\/p>\n<h2>Electric<\/h2>\n<table class=\"produits\">\n<tbody>\n<tr>\n<td><img loading=\"lazy\" decoding=\"async\" class=\"alignnone size-medium wp-image-517\" src=\"\/wp-content\/uploads\/2019\/09\/thermo-2000-300x300.jpg\" alt=\"thermo-2000\" width=\"250\" height=\"250\" \/><\/td>\n<td>\n<h2 id=\"buderus\" class=\"showhide_heading\">Thermo 2000 BTH Ultra<\/h2>\n<p>BTH Ultra electric boilers are both compact and powerful. Available in a wide range of powers, these energy-efficient and versatile devices are easily installed and supply all water heater types. They can also be combined with an auxiliary boiler for a dual energy installation.<\/p>\n<p><a href=\"\/wp-content\/uploads\/2019\/09\/Thermo2000_BTHUltra_Specs_AN.pdf\" target=\"_blank\" rel=\"noopener noreferrer\">Download PDF<\/a><\/td>\n<\/tr>\n<\/tbody>\n<\/table>\n<h2>Natural Gas<\/h2>\n<table class=\"produits\">\n<tbody>\n<tr>\n<td><img loading=\"lazy\" decoding=\"async\" class=\"alignnone size-medium wp-image-511\" src=\"\/wp-content\/uploads\/2019\/09\/lovinchar-knight-300x300.jpg\" alt=\"lovinchar-knight\" width=\"250\" height=\"250\" \/><\/td>\n<td>\n<h2 id=\"granby\" class=\"showhide_heading\">Lochinvar Knight<\/h2>\n<p>Thanks to its SMART SYSTEM\u2122, the Knight boiler has become synonymous with efficiency, and was rewarded with an Energy Star\u00ae qualification. Knight offers a line of boilers that use atmospheric drains, as well as condensing furnaces. Both easy to install and to maintain, it is a big favourite with professional installers.<\/p>\n<p><a href=\"\/wp-content\/uploads\/2019\/09\/Lovinchar_Knight_Floor.pdf-Specs_AN.pdf\" target=\"_blank\" rel=\"noopener noreferrer\">Download PDF &#8211; Floor<\/a><\/p>\n<p><a href=\"\/wp-content\/uploads\/2019\/09\/Lovinchar_Knight_Wall_Specs_AN.pdf\" target=\"_blank\" rel=\"noopener noreferrer\">Download PDF &#8211; Wall<\/a><\/td>\n<\/tr>\n<\/tbody>\n<\/table>\n<style>\ndiv#thermo, div#lock {<br \/>    margin-top: -150px;<br \/>    margin-bottom: 150px;<br \/>}<br \/><\/style>\n","protected":false},"excerpt":{"rendered":"<p>Electric Boiler, Gas Boiler and Oil Fired Boiler in Montreal and Laval Boilers that run on electricity, natural gas, or fuel oil are especially durable. When the weather gets very cold, dual-energy boiler systems are an effective, eco-friendly option that can help save you money. At Confort Expert, we offer a wide range of hydronic&hellip;<\/p>\n","protected":false},"author":2,"featured_media":0,"parent":2424,"menu_order":30,"comment_status":"closed","ping_status":"closed","template":"","meta":{"xn-wppe-expiration":[],"xn-wppe-expiration-action":[],"xn-wppe-expiration-prefix":[],"inline_featured_image":false,"footnotes":""},"class_list":["post-2427","page","type-page","status-publish","hentry"],"acf":[],"yoast_head":"<!-- This site is optimized with the Yoast SEO plugin v26.8 - https:\/\/yoast.com\/product\/yoast-seo-wordpress\/ -->\n<title>Electric, Gas &amp; Oil Boilers in Greater Montreal | Confort Expert Inc.<\/title>\n<meta name=\"description\" content=\"Confort Expert offers a wide range of boilers from reputable brands for your heating needs in Montreal and the surroundings. For more info call us 514 640-7711\" \/>\n<meta name=\"robots\" content=\"index, follow, max-snippet:-1, max-image-preview:large, max-video-preview:-1\" \/>\n<link rel=\"canonical\" href=\"https:\/\/www.confortexpert.com\/en\/heating\/boilers\/\" \/>\n<meta property=\"og:locale\" content=\"en_US\" \/>\n<meta property=\"og:type\" content=\"article\" \/>\n<meta property=\"og:title\" content=\"Electric, Gas &amp; Oil Boilers in Greater Montreal | Confort Expert Inc.\" \/>\n<meta property=\"og:description\" content=\"Confort Expert offers a wide range of boilers from reputable brands for your heating needs in Montreal and the surroundings. For more info call us 514 640-7711\" \/>\n<meta property=\"og:url\" content=\"https:\/\/www.confortexpert.com\/en\/heating\/boilers\/\" \/>\n<meta property=\"og:site_name\" content=\"Confort Expert Inc.\" \/>\n<meta property=\"article:modified_time\" content=\"2024-08-15T16:30:08+00:00\" \/>\n<meta name=\"twitter:card\" content=\"summary_large_image\" \/>\n<meta name=\"twitter:label1\" content=\"Est. reading time\" \/>\n\t<meta name=\"twitter:data1\" content=\"3 minutes\" \/>\n<!-- \/ Yoast SEO plugin. -->","yoast_head_json":{"title":"Electric, Gas & Oil Boilers in Greater Montreal | Confort Expert Inc.","description":"Confort Expert offers a wide range of boilers from reputable brands for your heating needs in Montreal and the surroundings. For more info call us 514 640-7711","robots":{"index":"index","follow":"follow","max-snippet":"max-snippet:-1","max-image-preview":"max-image-preview:large","max-video-preview":"max-video-preview:-1"},"canonical":"https:\/\/www.confortexpert.com\/en\/heating\/boilers\/","og_locale":"en_US","og_type":"article","og_title":"Electric, Gas & Oil Boilers in Greater Montreal | Confort Expert Inc.","og_description":"Confort Expert offers a wide range of boilers from reputable brands for your heating needs in Montreal and the surroundings. For more info call us 514 640-7711","og_url":"https:\/\/www.confortexpert.com\/en\/heating\/boilers\/","og_site_name":"Confort Expert Inc.","article_modified_time":"2024-08-15T16:30:08+00:00","twitter_card":"summary_large_image","twitter_misc":{"Est. reading time":"3 minutes"},"schema":{"@context":"https:\/\/schema.org","@graph":[{"@type":"WebPage","@id":"https:\/\/www.confortexpert.com\/en\/heating\/boilers\/","url":"https:\/\/www.confortexpert.com\/en\/heating\/boilers\/","name":"Electric, Gas & Oil Boilers in Greater Montreal | Confort Expert Inc.","isPartOf":{"@id":"https:\/\/www.confortexpert.com\/en\/#website"},"datePublished":"2016-04-19T21:14:48+00:00","dateModified":"2024-08-15T16:30:08+00:00","description":"Confort Expert offers a wide range of boilers from reputable brands for your heating needs in Montreal and the surroundings. For more info call us 514 640-7711","breadcrumb":{"@id":"https:\/\/www.confortexpert.com\/en\/heating\/boilers\/#breadcrumb"},"inLanguage":"en-US","potentialAction":[{"@type":"ReadAction","target":["https:\/\/www.confortexpert.com\/en\/heating\/boilers\/"]}]},{"@type":"BreadcrumbList","@id":"https:\/\/www.confortexpert.com\/en\/heating\/boilers\/#breadcrumb","itemListElement":[{"@type":"ListItem","position":1,"name":"Home","item":"https:\/\/www.confortexpert.com\/en\/"},{"@type":"ListItem","position":2,"name":"Heating","item":"https:\/\/www.confortexpert.com\/en\/heating\/"},{"@type":"ListItem","position":3,"name":"Boilers"}]},{"@type":"WebSite","@id":"https:\/\/www.confortexpert.com\/en\/#website","url":"https:\/\/www.confortexpert.com\/en\/","name":"Confort Expert Inc.","description":"","potentialAction":[{"@type":"SearchAction","target":{"@type":"EntryPoint","urlTemplate":"https:\/\/www.confortexpert.com\/en\/?s={search_term_string}"},"query-input":{"@type":"PropertyValueSpecification","valueRequired":true,"valueName":"search_term_string"}}],"inLanguage":"en-US"}]}},"_links":{"self":[{"href":"https:\/\/www.confortexpert.com\/en\/wp-json\/wp\/v2\/pages\/2427","targetHints":{"allow":["GET"]}}],"collection":[{"href":"https:\/\/www.confortexpert.com\/en\/wp-json\/wp\/v2\/pages"}],"about":[{"href":"https:\/\/www.confortexpert.com\/en\/wp-json\/wp\/v2\/types\/page"}],"author":[{"embeddable":true,"href":"https:\/\/www.confortexpert.com\/en\/wp-json\/wp\/v2\/users\/2"}],"replies":[{"embeddable":true,"href":"https:\/\/www.confortexpert.com\/en\/wp-json\/wp\/v2\/comments?post=2427"}],"version-history":[{"count":9,"href":"https:\/\/www.confortexpert.com\/en\/wp-json\/wp\/v2\/pages\/2427\/revisions"}],"predecessor-version":[{"id":8341,"href":"https:\/\/www.confortexpert.com\/en\/wp-json\/wp\/v2\/pages\/2427\/revisions\/8341"}],"up":[{"embeddable":true,"href":"https:\/\/www.confortexpert.com\/en\/wp-json\/wp\/v2\/pages\/2424"}],"wp:attachment":[{"href":"https:\/\/www.confortexpert.com\/en\/wp-json\/wp\/v2\/media?parent=2427"}],"curies":[{"name":"wp","href":"https:\/\/api.w.org\/{rel}","templated":true}]}}