{"id":3895,"date":"2020-01-15T17:57:44","date_gmt":"2020-01-15T22:57:44","guid":{"rendered":"https:\/\/www.confortexpert.com\/municipalities-served-2"},"modified":"2020-02-24T11:40:50","modified_gmt":"2020-02-24T16:40:50","slug":"municipalites-desservies","status":"publish","type":"page","link":"https:\/\/www.confortexpert.com\/en\/municipalites-desservies\/","title":{"rendered":"Municipalities served"},"content":{"rendered":"<h1>LIST OF MUNICIPALITIES<\/h1>\n<h3>Island of Montreal<\/h3>\n<p>We serve all municipalities on the Island of Montreal.<\/p>\n<h3>Mont\u00e9r\u00e9gie (South Shore and West Side of Montreal)<\/h3>\n<ul>\n<li>Beloeil<\/li>\n<li>Boucherville<\/li>\n<li>Brossard<\/li>\n<li>Candiac<\/li>\n<li>Carigan<\/li>\n<li>Chambly<\/li>\n<li>Ch\u00e2teauguay<\/li>\n<li>Coteau-du-Lac<\/li>\n<li>Delson<\/li>\n<li>Greenfield Park<\/li>\n<li>Hudson<\/li>\n<li>Iberville<\/li>\n<li>La Prairie<\/li>\n<li>Lemoyne<\/li>\n<li>L\u2019\u00cele-Perrot<\/li>\n<li>Les C\u00e8dres<\/li>\n<li>Les Coteaux<\/li>\n<li>Longueuil<\/li>\n<li>McMasterville<\/li>\n<li>Mont-Saint-Hilaire<\/li>\n<li>Notre-Dame-Bonsecours<\/li>\n<li>Notre-Dame-l\u2019\u00cele-Perrot<\/li>\n<li>Otterburn Park<\/li>\n<li>Pincourt<\/li>\n<li>Pointe-des-Cascades<\/li>\n<li>Richelieu<\/li>\n<li>Rigaud<\/li>\n<li>Rivi\u00e8re-Beaudette<\/li>\n<li>Saint-Amable<\/li>\n<li>Saint-Basile-le-Grand<\/li>\n<li>Saint-Bruno-de-Montarville<\/li>\n<li>Saint-Constant<\/li>\n<li>Sainte-Catherine<\/li>\n<li>Sainte-Julie<\/li>\n<li>Saint-Hubert<\/li>\n<li>Saint-Jean-sur-Richelieu<\/li>\n<li>Saint-Lambert<\/li>\n<li>Saint-Lazare<\/li>\n<li>Saint-Luc<\/li>\n<li>Saint-Mathias-sur-Richelieu<\/li>\n<li>Saint-Mathieu-de-Beloeil<\/li>\n<li>Saint-Polycarpe<\/li>\n<li>Saint-Rapha\u00ebl-de-l\u2019\u00eele-Bizard<\/li>\n<li>Saint-Zotique<\/li>\n<li>Salaberry-de-Valleyfield<\/li>\n<li>Terrasse-Vaudreuil<\/li>\n<li>Varennes<\/li>\n<li>Vaudreuil-Dorion<\/li>\n<li>Vaudreuil-sur-le-Lac<\/li>\n<li>Verch\u00e8res<\/li>\n<li>Ville Sainte-Catherine<\/li>\n<\/ul>\n<h3>Laval, Laurentians and Lanaudi\u00e8re<\/h3>\n<ul>\n<li>Auteuil<\/li>\n<li>Bellefeuille<\/li>\n<li>Blainville<\/li>\n<li>Boisbriand<\/li>\n<li>Bois-des-Filion<\/li>\n<li>Charlemagne<\/li>\n<li>Chomedey<\/li>\n<li>Deux-Montagnes<\/li>\n<li>Duvernay<\/li>\n<li>Fabreville<\/li>\n<li>\u00celes Laval<\/li>\n<li>La Plaine<\/li>\n<li>Lachenaie<\/li>\n<li>Lafontaine<\/li>\n<li>L\u2019Assomption<\/li>\n<li>Laval<\/li>\n<li>Laval-des-Rapides<\/li>\n<li>Laval-Ouest<\/li>\n<li>Laval-sur-le-Lac<\/li>\n<li>Le Gardeur<\/li>\n<li>L\u2019\u00c9piphanie<\/li>\n<li>Lorraine<\/li>\n<li>Mascouche<\/li>\n<li>Mirabel \u2013 Domaine Vert Sud<\/li>\n<li>Mirabel \u2013 Domaine Vert Nord<\/li>\n<li>Oka<\/li>\n<li>Pointe-Calumet<\/li>\n<li>Pont-Viau<\/li>\n<li>Repentigny<\/li>\n<li>Rosem\u00e8re<\/li>\n<li>Saint Antoine<\/li>\n<li>Saint-Augustin<\/li>\n<li>Sainte-Anne-des-Plaines<\/li>\n<li>Saint Colomban<\/li>\n<li>Sainte-Doroth\u00e9e<\/li>\n<li>Saint-Eustache<\/li>\n<li>Saint-Fran\u00e7ois<\/li>\n<li>Saint-Janvier<\/li>\n<li>Saint J\u00e9r\u00f4me<\/li>\n<li>Saint-Joseph-du-Lac<\/li>\n<li>Sainte-Marthe-sur-le-Lac<\/li>\n<li>Sainte-Rose<\/li>\n<li>Sainte Sophie<\/li>\n<li>Saint-Sulpice<\/li>\n<li>Sainte-Th\u00e9r\u00e8se<\/li>\n<li>Sainte-Th\u00e9r\u00e8se-Ouest<\/li>\n<li>Saint-Vincent-de-Paul<\/li>\n<li>Terrebonne<\/li>\n<li>Vimont<\/li>\n<\/ul>\n","protected":false},"excerpt":{"rendered":"<p>LIST OF MUNICIPALITIES Island of Montreal We serve all municipalities on the Island of Montreal. Mont\u00e9r\u00e9gie (South Shore and West Side of Montreal) Beloeil Boucherville Brossard Candiac Carigan Chambly Ch\u00e2teauguay Coteau-du-Lac Delson Greenfield Park Hudson Iberville La Prairie Lemoyne L\u2019\u00cele-Perrot Les C\u00e8dres Les Coteaux Longueuil McMasterville Mont-Saint-Hilaire Notre-Dame-Bonsecours Notre-Dame-l\u2019\u00cele-Perrot Otterburn Park Pincourt Pointe-des-Cascades Richelieu Rigaud&hellip;<\/p>\n","protected":false},"author":2,"featured_media":0,"parent":0,"menu_order":0,"comment_status":"closed","ping_status":"closed","template":"","meta":{"xn-wppe-expiration":[],"xn-wppe-expiration-action":[],"xn-wppe-expiration-prefix":[],"inline_featured_image":false,"footnotes":""},"class_list":["post-3895","page","type-page","status-publish","hentry"],"acf":[],"yoast_head":"<!-- This site is optimized with the Yoast SEO plugin v26.8 - https:\/\/yoast.com\/product\/yoast-seo-wordpress\/ -->\n<title>Municipalities served - Confort Expert Inc.<\/title>\n<meta name=\"robots\" content=\"index, follow, max-snippet:-1, max-image-preview:large, max-video-preview:-1\" \/>\n<link rel=\"canonical\" href=\"https:\/\/www.confortexpert.com\/en\/municipalites-desservies\/\" \/>\n<meta property=\"og:locale\" content=\"en_US\" \/>\n<meta property=\"og:type\" content=\"article\" \/>\n<meta property=\"og:title\" content=\"Municipalities served - Confort Expert Inc.\" \/>\n<meta property=\"og:description\" content=\"LIST OF MUNICIPALITIES Island of Montreal We serve all municipalities on the Island of Montreal. Mont\u00e9r\u00e9gie (South Shore and West Side of Montreal) Beloeil Boucherville Brossard Candiac Carigan Chambly Ch\u00e2teauguay Coteau-du-Lac Delson Greenfield Park Hudson Iberville La Prairie Lemoyne L\u2019\u00cele-Perrot Les C\u00e8dres Les Coteaux Longueuil McMasterville Mont-Saint-Hilaire Notre-Dame-Bonsecours Notre-Dame-l\u2019\u00cele-Perrot Otterburn Park Pincourt Pointe-des-Cascades Richelieu Rigaud&hellip;\" \/>\n<meta property=\"og:url\" content=\"https:\/\/www.confortexpert.com\/en\/municipalites-desservies\/\" \/>\n<meta property=\"og:site_name\" content=\"Confort Expert Inc.\" \/>\n<meta property=\"article:modified_time\" content=\"2020-02-24T16:40:50+00:00\" \/>\n<meta name=\"twitter:card\" content=\"summary_large_image\" \/>\n<meta name=\"twitter:label1\" content=\"Est. reading time\" \/>\n\t<meta name=\"twitter:data1\" content=\"1 minute\" \/>\n<!-- \/ Yoast SEO plugin. -->","yoast_head_json":{"title":"Municipalities served - Confort Expert Inc.","robots":{"index":"index","follow":"follow","max-snippet":"max-snippet:-1","max-image-preview":"max-image-preview:large","max-video-preview":"max-video-preview:-1"},"canonical":"https:\/\/www.confortexpert.com\/en\/municipalites-desservies\/","og_locale":"en_US","og_type":"article","og_title":"Municipalities served - Confort Expert Inc.","og_description":"LIST OF MUNICIPALITIES Island of Montreal We serve all municipalities on the Island of Montreal. Mont\u00e9r\u00e9gie (South Shore and West Side of Montreal) Beloeil Boucherville Brossard Candiac Carigan Chambly Ch\u00e2teauguay Coteau-du-Lac Delson Greenfield Park Hudson Iberville La Prairie Lemoyne L\u2019\u00cele-Perrot Les C\u00e8dres Les Coteaux Longueuil McMasterville Mont-Saint-Hilaire Notre-Dame-Bonsecours Notre-Dame-l\u2019\u00cele-Perrot Otterburn Park Pincourt Pointe-des-Cascades Richelieu Rigaud&hellip;","og_url":"https:\/\/www.confortexpert.com\/en\/municipalites-desservies\/","og_site_name":"Confort Expert Inc.","article_modified_time":"2020-02-24T16:40:50+00:00","twitter_card":"summary_large_image","twitter_misc":{"Est. reading time":"1 minute"},"schema":{"@context":"https:\/\/schema.org","@graph":[{"@type":"WebPage","@id":"https:\/\/www.confortexpert.com\/en\/municipalites-desservies\/","url":"https:\/\/www.confortexpert.com\/en\/municipalites-desservies\/","name":"Municipalities served - Confort Expert Inc.","isPartOf":{"@id":"https:\/\/www.confortexpert.com\/en\/#website"},"datePublished":"2020-01-15T22:57:44+00:00","dateModified":"2020-02-24T16:40:50+00:00","breadcrumb":{"@id":"https:\/\/www.confortexpert.com\/en\/municipalites-desservies\/#breadcrumb"},"inLanguage":"en-US","potentialAction":[{"@type":"ReadAction","target":["https:\/\/www.confortexpert.com\/en\/municipalites-desservies\/"]}]},{"@type":"BreadcrumbList","@id":"https:\/\/www.confortexpert.com\/en\/municipalites-desservies\/#breadcrumb","itemListElement":[{"@type":"ListItem","position":1,"name":"Home","item":"https:\/\/www.confortexpert.com\/en\/"},{"@type":"ListItem","position":2,"name":"Municipalities served"}]},{"@type":"WebSite","@id":"https:\/\/www.confortexpert.com\/en\/#website","url":"https:\/\/www.confortexpert.com\/en\/","name":"Confort Expert Inc.","description":"","potentialAction":[{"@type":"SearchAction","target":{"@type":"EntryPoint","urlTemplate":"https:\/\/www.confortexpert.com\/en\/?s={search_term_string}"},"query-input":{"@type":"PropertyValueSpecification","valueRequired":true,"valueName":"search_term_string"}}],"inLanguage":"en-US"}]}},"_links":{"self":[{"href":"https:\/\/www.confortexpert.com\/en\/wp-json\/wp\/v2\/pages\/3895","targetHints":{"allow":["GET"]}}],"collection":[{"href":"https:\/\/www.confortexpert.com\/en\/wp-json\/wp\/v2\/pages"}],"about":[{"href":"https:\/\/www.confortexpert.com\/en\/wp-json\/wp\/v2\/types\/page"}],"author":[{"embeddable":true,"href":"https:\/\/www.confortexpert.com\/en\/wp-json\/wp\/v2\/users\/2"}],"replies":[{"embeddable":true,"href":"https:\/\/www.confortexpert.com\/en\/wp-json\/wp\/v2\/comments?post=3895"}],"version-history":[{"count":0,"href":"https:\/\/www.confortexpert.com\/en\/wp-json\/wp\/v2\/pages\/3895\/revisions"}],"wp:attachment":[{"href":"https:\/\/www.confortexpert.com\/en\/wp-json\/wp\/v2\/media?parent=3895"}],"curies":[{"name":"wp","href":"https:\/\/api.w.org\/{rel}","templated":true}]}}