{"id":4503,"date":"2020-11-19T09:24:00","date_gmt":"2020-11-19T14:24:00","guid":{"rendered":"https:\/\/www.confortexpert.com\/?page_id=4503"},"modified":"2026-04-14T11:52:09","modified_gmt":"2026-04-14T15:52:09","slug":"home-charging-station-electric-vehicles","status":"publish","type":"page","link":"https:\/\/www.confortexpert.com\/en\/electrical-work\/home-charging-station-electric-vehicles\/","title":{"rendered":"CHARGING STATION FOR ELECTRIC VEHICLES"},"content":{"rendered":"\n\n\t<h1>Installation of electric vehicle charging stations and outlets in Greater Montreal<\/h1>\n<img decoding=\"async\" src=\"\/wp-content\/uploads\/2020\/10\/electric-car-station-charging.jpeg\" alt=\"CHARGING STATION FOR ELECTRIC VEHICLES\" \/>\nAre you planning to stamp out your gasoline habit and buy a plug-in electric vehicle? Going electric is a wise move, but it&#8217;s important to have the right equipment and circuitry to charge your electric car&#8217;s battery. While many electrical vehicles can be charged with a 120-volt charger, this option isn&#8217;t ideal, as the charging is extremely long. You&#8217;re better off opting for a 240-volt charger as it&#8217;s much more efficient. Do you need a professional electrician to install a charging station for your car? This is a service offered by the team at <a href=\"https:\/\/www.confortexpert.com\/en\/\">Confort Expert<\/a>. We provide electrical services throughout Greater Montreal.\n<p>&nbsp;<\/p>\n<h2>Installing a charging station<\/h2>\n<p>The Quebec Construction Code states that all electric work must be carried out by an electrician who&#8217;s licensed by the R\u00e9gie du b\u00e2timent du Qu\u00e9bec. Are you uncertain about whether a charging station can be installed on your property? <a href=\"https:\/\/www.confortexpert.com\/en\/contact-us\/\">Contact us<\/a>! An electrician could come to your home to perform an inspection. Our expert will be able to determine whether the electrical panel in your home has the capacity required to receive a new 240-volt circuit or if an upgrade if required.<\/p>\n<p>&nbsp;<\/p>\n<h2>Type of building<\/h2>\n<p>In a single-family home, installing an electric vehicle charger is a fairly simple task. However, the procedure for installing a charging station for a multi-unit building is more complex. For further information, refer to the <a href=\"https:\/\/www.hydroquebec.com\/data\/electrification-transport\/pdf\/technical-guide.pdf\">Electric Vehicle Charging Stations Technical Installation Guide<\/a> from Logis Vert, in particular Section 4.7.5. Otherwise, you can speak with one of the knowledgeable team members at Confort Expert.<\/p>\n<p><img decoding=\"async\" src=\"https:\/\/www.confortexpert.com\/wp-content\/uploads\/2020\/12\/img1.jpg\" alt=\"CHARGING STATION FOR ELECTRIC VEHICLES\" \/><\/p>\n<p>&nbsp;<\/p>\n<img decoding=\"async\" src=\"https:\/\/www.confortexpert.com\/wp-content\/uploads\/2026\/04\/cadre-normatif-ecorecharge.pdf.png\" \/>\n<h2>\u00c9corecharge Program<\/h2>\n<p>Do you own an electric vehicle? The \u00c9corecharge program <strong>offers a $600* rebate<\/strong> for the purchase and installation of a home charging station.<\/p>\n<ul>\n<li>Electrical work performed by certified professionals.<\/li>\n<li><a href=\"https:\/\/www.confortexpert.com\/en\/blog\/residential-ev-charging-station-in-greater-montreal-grants-and-installation\/\">Check out our blog on charging stations<\/a>.<\/li>\n<\/ul>\n<p>In Quebec, the Building Code requires that electrical work be performed by a licensed electrical contractor from the R\u00e9gie du b\u00e2timent du Qu\u00e9bec (RBQ). Contact us to schedule an appointment!<\/p>\n<p>* Certain conditions apply. Some dealerships, manufacturers, or municipalities offer promotions for the purchase or installation of a home charging station. If you have received financial assistance covering the purchase or installation costs, you may not be eligible for the EcoCharge program rebate for a home charging station.<\/p>\n<p><a href=\"https:\/\/www.quebec.ca\/transport-electrique\/aide-financiere-recharge\/borne-domicile\/choisir-borne-residentielle\"><strong>Check your eligibility<\/strong><\/a><\/p>\n<p>&nbsp;<\/p>\n<p><strong>Turn to us for expert installation of electric vehicle charging stations<\/strong><\/p>\n<p>At Confort Expert, we offer top quality residential electrical\u00a0<a href=\"https:\/\/www.confortexpert.com\/en\/electrical-work\/\">services<\/a>. Do you need a high-performance electric vehicle charger that conforms to provincial regulations? If so, we&#8217;re happy to install your new home charging station. Get an instant free\u00a0<a href=\"https:\/\/www.confortexpert.com\/en\/quote\/\">quote<\/a>\u00a0today.<\/p>\n<p><strong>\u00a0<\/strong><\/p>\n<p><a href=\"https:\/\/www.confortexpert.com\/en\/contact-us\/\">Contact us<\/a><\/p>\n\n","protected":false},"excerpt":{"rendered":"<p>Installation of electric vehicle charging stations and outlets in Greater Montreal Are you planning to stamp out your gasoline habit and buy a plug-in electric vehicle? Going electric is a wise move, but it&#8217;s important to have the right equipment and circuitry to charge your electric car&#8217;s battery. While many electrical vehicles can be charged&hellip;<\/p>\n","protected":false},"author":2,"featured_media":0,"parent":4455,"menu_order":0,"comment_status":"closed","ping_status":"closed","template":"","meta":{"xn-wppe-expiration":[],"xn-wppe-expiration-action":[],"xn-wppe-expiration-prefix":[],"inline_featured_image":false,"footnotes":""},"class_list":["post-4503","page","type-page","status-publish","hentry"],"acf":[],"yoast_head":"<!-- This site is optimized with the Yoast SEO plugin v26.8 - https:\/\/yoast.com\/product\/yoast-seo-wordpress\/ -->\n<title>Home EV charging station installer in Montreal| Confort Expert<\/title>\n<meta name=\"description\" content=\"Buying an electric vehicle? Get your home ev charging station with Confort Expert! Our team will be happy to help you choose and install the right one for you!\" \/>\n<meta name=\"robots\" content=\"index, follow, max-snippet:-1, max-image-preview:large, max-video-preview:-1\" \/>\n<link rel=\"canonical\" href=\"https:\/\/www.confortexpert.com\/en\/electrical-work\/home-charging-station-electric-vehicles\/\" \/>\n<meta property=\"og:locale\" content=\"en_US\" \/>\n<meta property=\"og:type\" content=\"article\" \/>\n<meta property=\"og:title\" content=\"Home EV charging station installer in Montreal| Confort Expert\" \/>\n<meta property=\"og:description\" content=\"Buying an electric vehicle? Get your home ev charging station with Confort Expert! Our team will be happy to help you choose and install the right one for you!\" \/>\n<meta property=\"og:url\" content=\"https:\/\/www.confortexpert.com\/en\/electrical-work\/home-charging-station-electric-vehicles\/\" \/>\n<meta property=\"og:site_name\" content=\"Confort Expert Inc.\" \/>\n<meta property=\"article:modified_time\" content=\"2026-04-14T15:52:09+00:00\" \/>\n<meta property=\"og:image\" content=\"https:\/\/www.confortexpert.com\/wp-content\/uploads\/2020\/12\/img1.jpg\" \/>\n<meta name=\"twitter:card\" content=\"summary_large_image\" \/>\n<meta name=\"twitter:label1\" content=\"Est. reading time\" \/>\n\t<meta name=\"twitter:data1\" content=\"3 minutes\" \/>\n<!-- \/ Yoast SEO plugin. -->","yoast_head_json":{"title":"Home EV charging station installer in Montreal| Confort Expert","description":"Buying an electric vehicle? Get your home ev charging station with Confort Expert! Our team will be happy to help you choose and install the right one for you!","robots":{"index":"index","follow":"follow","max-snippet":"max-snippet:-1","max-image-preview":"max-image-preview:large","max-video-preview":"max-video-preview:-1"},"canonical":"https:\/\/www.confortexpert.com\/en\/electrical-work\/home-charging-station-electric-vehicles\/","og_locale":"en_US","og_type":"article","og_title":"Home EV charging station installer in Montreal| Confort Expert","og_description":"Buying an electric vehicle? Get your home ev charging station with Confort Expert! Our team will be happy to help you choose and install the right one for you!","og_url":"https:\/\/www.confortexpert.com\/en\/electrical-work\/home-charging-station-electric-vehicles\/","og_site_name":"Confort Expert Inc.","article_modified_time":"2026-04-14T15:52:09+00:00","og_image":[{"url":"https:\/\/www.confortexpert.com\/wp-content\/uploads\/2020\/12\/img1.jpg","type":"","width":"","height":""}],"twitter_card":"summary_large_image","twitter_misc":{"Est. reading time":"3 minutes"},"schema":{"@context":"https:\/\/schema.org","@graph":[{"@type":"WebPage","@id":"https:\/\/www.confortexpert.com\/en\/electrical-work\/home-charging-station-electric-vehicles\/","url":"https:\/\/www.confortexpert.com\/en\/electrical-work\/home-charging-station-electric-vehicles\/","name":"Home EV charging station installer in Montreal| Confort Expert","isPartOf":{"@id":"https:\/\/www.confortexpert.com\/en\/#website"},"primaryImageOfPage":{"@id":"https:\/\/www.confortexpert.com\/en\/electrical-work\/home-charging-station-electric-vehicles\/#primaryimage"},"image":{"@id":"https:\/\/www.confortexpert.com\/en\/electrical-work\/home-charging-station-electric-vehicles\/#primaryimage"},"thumbnailUrl":"https:\/\/www.confortexpert.com\/wp-content\/uploads\/2020\/12\/img1.jpg","datePublished":"2020-11-19T14:24:00+00:00","dateModified":"2026-04-14T15:52:09+00:00","description":"Buying an electric vehicle? Get your home ev charging station with Confort Expert! Our team will be happy to help you choose and install the right one for you!","breadcrumb":{"@id":"https:\/\/www.confortexpert.com\/en\/electrical-work\/home-charging-station-electric-vehicles\/#breadcrumb"},"inLanguage":"en-US","potentialAction":[{"@type":"ReadAction","target":["https:\/\/www.confortexpert.com\/en\/electrical-work\/home-charging-station-electric-vehicles\/"]}]},{"@type":"ImageObject","inLanguage":"en-US","@id":"https:\/\/www.confortexpert.com\/en\/electrical-work\/home-charging-station-electric-vehicles\/#primaryimage","url":"https:\/\/www.confortexpert.com\/wp-content\/uploads\/2020\/12\/img1.jpg","contentUrl":"https:\/\/www.confortexpert.com\/wp-content\/uploads\/2020\/12\/img1.jpg"},{"@type":"BreadcrumbList","@id":"https:\/\/www.confortexpert.com\/en\/electrical-work\/home-charging-station-electric-vehicles\/#breadcrumb","itemListElement":[{"@type":"ListItem","position":1,"name":"Home","item":"https:\/\/www.confortexpert.com\/en\/"},{"@type":"ListItem","position":2,"name":"Electrical Work","item":"https:\/\/www.confortexpert.com\/en\/electrical-work\/"},{"@type":"ListItem","position":3,"name":"CHARGING STATION FOR ELECTRIC VEHICLES"}]},{"@type":"WebSite","@id":"https:\/\/www.confortexpert.com\/en\/#website","url":"https:\/\/www.confortexpert.com\/en\/","name":"Confort Expert Inc.","description":"","potentialAction":[{"@type":"SearchAction","target":{"@type":"EntryPoint","urlTemplate":"https:\/\/www.confortexpert.com\/en\/?s={search_term_string}"},"query-input":{"@type":"PropertyValueSpecification","valueRequired":true,"valueName":"search_term_string"}}],"inLanguage":"en-US"}]}},"_links":{"self":[{"href":"https:\/\/www.confortexpert.com\/en\/wp-json\/wp\/v2\/pages\/4503","targetHints":{"allow":["GET"]}}],"collection":[{"href":"https:\/\/www.confortexpert.com\/en\/wp-json\/wp\/v2\/pages"}],"about":[{"href":"https:\/\/www.confortexpert.com\/en\/wp-json\/wp\/v2\/types\/page"}],"author":[{"embeddable":true,"href":"https:\/\/www.confortexpert.com\/en\/wp-json\/wp\/v2\/users\/2"}],"replies":[{"embeddable":true,"href":"https:\/\/www.confortexpert.com\/en\/wp-json\/wp\/v2\/comments?post=4503"}],"version-history":[{"count":5,"href":"https:\/\/www.confortexpert.com\/en\/wp-json\/wp\/v2\/pages\/4503\/revisions"}],"predecessor-version":[{"id":13609,"href":"https:\/\/www.confortexpert.com\/en\/wp-json\/wp\/v2\/pages\/4503\/revisions\/13609"}],"up":[{"embeddable":true,"href":"https:\/\/www.confortexpert.com\/en\/wp-json\/wp\/v2\/pages\/4455"}],"wp:attachment":[{"href":"https:\/\/www.confortexpert.com\/en\/wp-json\/wp\/v2\/media?parent=4503"}],"curies":[{"name":"wp","href":"https:\/\/api.w.org\/{rel}","templated":true}]}}