{"id":5907,"date":"2022-11-30T08:22:28","date_gmt":"2022-11-30T13:22:28","guid":{"rendered":"https:\/\/www.confortexpert.com\/?page_id=5907"},"modified":"2026-04-01T17:47:12","modified_gmt":"2026-04-01T21:47:12","slug":"grants","status":"publish","type":"page","link":"https:\/\/www.confortexpert.com\/en\/grants\/","title":{"rendered":"Grants"},"content":{"rendered":"\n<h1  id=\"subvention-heading\">\n\t\t\tHeat Pump Grants Available in the Greater Montreal Area!\t<\/h1>\n\t<p>Thinking about installing or replacing a heat pump in Greater Montr\u00e9al? Great news, several heat pump subsidy programs are available to help you reduce the cost of purchase and installation while improving<\/p>\n<h2>\n\t\t\tGrants for your heating and air conditioning systems and your electric vehicle charging station!\t<\/h2>\n\t<p>Since <a href=\"https:\/\/www.confortexpert.com\/en\/services\/\">installing<\/a> or replacing a heat pump, air conditioner, or heating system, or even adding an electric vehicle charging station, can generally lead to significant energy savings, the provincial and federal governments offer several subsidy programs for heat pumps in Greater Montreal to encourage eco-friendly choices.<\/p>\n<p>Over the past year, more than 1,000 Confort Expert customers benefited from subsidies for heat pumps, air conditioning systems, and heating systems across Greater Montr\u00e9al, including Laval, Longueuil, Brossard, and Blainville. These financial incentives can significantly reduce installation costs while enhancing comfort and energy performance in your home.<\/p>\n<p><strong>Heat Pump Grants in Greater Montr\u00e9al<\/strong><\/p>\n<p>At Confort Expert, we advise homeowners in Montreal, Laval, Longueuil, Blainville, Brossard and the surrounding areas on how to benefit from government subsidies. It is essential to meet certain eligibility requirements and follow various steps to benefit from these subsidies. Whether you&#8217;re installing a <a href=\"https:\/\/www.confortexpert.com\/en\/heat-pump\/wall-mounted\/\">wall-mounted<\/a> or <a href=\"https:\/\/www.confortexpert.com\/en\/heat-pump\/central-heat-pump\/\">central heat pump<\/a>, our team offers a turnkey service from selecting the right model to professional installation. With our expertise, you&#8217;ll maximize your chances of receiving the heat pump subsidies in Montr\u00e9al you&#8217;re entitled to.<\/p>\n<p><strong>Why Choose Confort Expert?<\/strong><\/p>\n<ul>\n<li><a href=\"https:\/\/www.confortexpert.com\/en\/about-us\/\">Over 35 years of experience<\/a> in heating, air conditioning, and heat pumps.<\/li>\n<li>All required licences from the <strong><u>R\u00e9gie du b\u00e2timent du Qu\u00e9bec (RBQ) <\/u><\/strong>and office de la protection du consommateur (OPC).<\/li>\n<li>A certified team for <a href=\"https:\/\/www.confortexpert.com\/en\/electrical-work\/\">electrical<\/a>, <a href=\"https:\/\/www.confortexpert.com\/en\/air-conditioning\/\">air conditioning<\/a>, and <a href=\"https:\/\/www.confortexpert.com\/en\/heating\/\">heating<\/a> work.<\/li>\n<li>Trusted brands like <a href=\"https:\/\/www.confortexpert.com\/en\/promotions-daikin\/\">Daikin<\/a>, <a href=\"https:\/\/www.confortexpert.com\/en\/promotions-mitsubishi\/\">Mitsubishi<\/a>, <a href=\"https:\/\/www.confortexpert.com\/en\/promotions-york\/\">York<\/a>, <a href=\"https:\/\/www.confortexpert.com\/en\/promotions-moovair\/\">Moovair<\/a>, <a href=\"https:\/\/www.confortexpert.com\/en\/promotions-gree\/\">Gree<\/a> et <a href=\"https:\/\/www.confortexpert.com\/en\/promotions-fujitsu\/\">Fujitsu<\/a>.<\/li>\n<\/ul>\n<p>Advice on your eligibility for grants.<\/p>\n<h3>\n\t\t\tGovernment grants hold no secrets for us!\t<\/h3>\n\t<p><a href=\"https:\/\/www.confortexpert.com\/en\/grants\/#second-section\">GAS &#8211; DUAL ENERGY GRANT <\/a><\/p>\n\t<p><a href=\"#third-section\">#LOGIS VERT<\/a><\/p>\n\t<p><a href=\"#fourth-section\">ROULEZ VERT <\/a><\/p>\n\t<p><a href=\"#AHP\">AHP<\/a><\/p>\n\t<style>\n    header.fl-post-header {\n    max-height: 0px;\n    overflow: hidden;\n    margin: -20px 0px !important;\n}\n<\/style>\n<h2>\n\t\t\tMain Government Assistance Programs\t<\/h2>\n<h2>\n\t\t\tGas &#8211; dual energy grant\t<\/h2>\n<h4>\n\t\t\tDual energy grant for sustainable decarbonization\t<\/h4>\n\t<p>Own an electric vehicle? The <strong>Roulez Vert<\/strong> program offers <strong>$600*<\/strong> in financial assistance for the purchase and installation of a home-charging station.<\/p>\n<ul>\n<li>Electrical work performed by certified professionals.<\/li>\n<li><a href=\"https:\/\/www.confortexpert.com\/en\/blog\/residential-ev-charging-station-in-greater-montreal-grants-and-installation\/\">Read our blog on EV charging stations<\/a><\/li>\n<\/ul>\n<p>In Quebec, the <strong>Construction Code<\/strong> requires that electrical work be performed by a licensed contractor registered with the <strong>R\u00e9gie du b\u00e2timent du Qu\u00e9bec<\/strong>. <a href=\"https:\/\/www.confortexpert.com\/en\/quote\/\">Contact us to schedule an appointment<\/a>!<\/p>\n<p>*<em>Certain conditions apply. Some dealers, manufacturers or municipalities offer promotions for the purchase or installation of a home-charging station. If you have received financial assistance to cover the purchase or installation costs, you may not be eligible <\/em><\/p>\n\t<p><a href=\"https:\/\/energir.com\/en\/decarbonization\" target=\"_blank\" rel=\"noopener\">,VERIFY YOUR ELIGIBILITY<strong> &gt;<\/strong><\/a><\/p>\n\t<p><a href=\"\/en\/contact-us\/\" rel=\"noopener\">Contact Us <strong>&gt;<\/strong><\/a><\/p>\n<h2>\n\t\t<a href=\"https:\/\/www.confortexpert.com\/en\/grants\/logisvert-energy-efficiency-grants\/\" title=\"Logis Vert program\"  target=\"_self\">\n\t\t\tLogis Vert program\t\t<\/a>\n\t<\/h2>\n\t<p>The <strong>LogisVert<\/strong> program, offered by <a href=\"https:\/\/www.hydroquebec.com\/residential\/energy-wise\/financial-assistance\/logisvert\/residential.html?gad_source=1&amp;gad_campaignid=19971224876&amp;gbraid=0AAAAAotyHJ1qJESRgdZcTjyg51bwWpMLD&amp;gclid=CjwKCAjwlaTGBhANEiwAoRgXBcrLyFlqMB2h84OF1yw3xcTXAvnZDN8BkeBf2_11FmpgatQsrgLpghoCShoQAvD_BwE\">Hydro-Qu\u00e9bec<\/a>, promotes the installation of energy-efficient equipment, including heat pumps. It&#8217;s available to owners of single-family homes, condos, multiplexes, and individual units with electric meters.<\/p>\n<ul>\n<li>Up to <strong>$7,840<\/strong> depending on the unit&#8217;s power and efficiency.<\/li>\n<li><strong>5% bonus<\/strong> if multiple eligible measures are combined.<\/li>\n<li>No requirement for air leakage testing.<\/li>\n<\/ul>\n    <iframe loading=\"lazy\" width=\"560\" height=\"315\" src=\"https:\/\/www.youtube.com\/embed\/2JWhNCequZ4?si=kPAD8hlgs9BUsPT-\" title=\"YouTube video player\" frameborder=\"0\" allow=\"accelerometer; autoplay; clipboard-write; encrypted-media; gyroscope; picture-in-picture; web-share\" referrerpolicy=\"strict-origin-when-cross-origin\" allowfullscreen><\/iframe>\n<style>#centrayt{\nmax-width:560px;\nmargin:auto;\n}<\/style>\n\t<p><a href=\"https:\/\/logisvert.ca\/mesures-clientele-residentielle\" target=\"_blank\" rel=\"noopener\">VERIFY YOUR ELIGIBILITY<strong> &gt;<\/strong><\/a><\/p>\n\t<p><a href=\"\/en\/contact-us\/\">CONTACT US<strong> &gt;<\/strong><\/a><\/p>\n<h2>\n\t\t<a href=\"https:\/\/www.quebec.ca\/en\/transports\/electric-transportation\/financial-assistance-electric-vehicle\/about-roulez-vert-program\" title=\"Roulez vert program\"  target=\"_self\">\n\t\t\tRoulez vert program\t\t<\/a>\n\t<\/h2>\n\t<p>The <strong>Roulez Vert<\/strong> government program encourages the installation of new home charging stations for electric vehicles by offering <strong>lump-sum financial assistance of $600*<\/strong> with the purchase and installation of a 240-volt home charging station.<\/p>\n<p><b>Don&#8217;t forget to plan your electrical work!<\/b><\/p>\n<p>In Quebec, the Construction Code requires that electrical work be done by an electrical contractor licensed by the R\u00e9gie du b\u00e2timent du Qu\u00e9bec. <a href=\"https:\/\/www.confortexpert.com\/en\/quote\/\">Contact us to make an appointment!<\/a><\/p>\n<p>Consult the list of <a href=\"https:\/\/www.quebec.ca\/en\/transports\/electric-transportation\/financial-assistance-electric-vehicle\/about-roulez-vert-program\" target=\"_blank\" rel=\"noopener\">charging stations eligible<\/a> for the Roulez Vert program.<\/p>\n<p><small><em>* Certain conditions apply. Some dealers, manufacturers or municipalities offer promotions for the purchase or installation of a home charging station. If you have received financial assistance to cover the purchase or installation costs, you may not be eligible for reimbursement for a home charging station under the Roulez Vert program.<\/em><\/small><\/p>\n\t<p><a href=\"https:\/\/www.quebec.ca\/en\/transports\/electric-transportation\/financial-assistance-electric-vehicle\/new-vehicle\/financial-assistance-new-electric-vehicle\/how-to\/directly-request-financial-assistance\" target=\"_blank\" rel=\"noopener\">VERIFY YOUR ELIGIBILITY<\/a><\/p>\n\t<p><a href=\"\/en\/contact-us\/\" rel=\"noopener\">Contact Us <\/a><\/p>\n<figure itemscope itemtype=\"https:\/\/schema.org\/ImageObject\">\n\t\t\t\t<img decoding=\"async\" src=\"https:\/\/www.confortexpert.com\/wp-content\/uploads\/2025\/09\/Heat_Pump_EN_3800x970-2-scaled.jpg\" alt=\"Heat_Pump_EN_3800x970-2\" height=\"653\" width=\"2560\" title=\"Heat_Pump_EN_3800x970-2\" onerror=\"this.style.display='none'\" loading=\"lazy\" \/>\n\t<\/figure>\n<h2>\n\t\t\tOil to Heat Pump Affordability Program\t<\/h2>\n\t<p>This program helps homeowners switch from oil heating to an electric system by installing a heat pump. Thanks to the CAMT program, homeowners can receive financial assistance of up to $10,000 before work begins.<\/p>\n<ul>\n<li>Up to $10,000 in assistance paid before work begins<\/li>\n<\/ul>\n<h2><strong>Financing available<\/strong><\/h2>\n<strong><br \/>\n<\/strong>Take advantage of our exclusive <a href=\"https:\/\/www.confortexpert.com\/en\/services\/financing\/\"><strong>financing offer with up to 36 months interest-free<\/strong><\/a> for the purchase and installation of your equipment. No down payment required. Talk to our advisors.\n<h2><strong>Services Offered by Confort Expert<\/strong><\/h2>\n<p>We offer installation of wall-mounted and central heat pumps, as well as <a href=\"https:\/\/www.confortexpert.com\/en\/heating\/\">heating<\/a>, <a href=\"https:\/\/www.confortexpert.com\/en\/air-conditioning\/\">air conditioning<\/a> and <a href=\"https:\/\/www.confortexpert.com\/en\/electrical-work\/\">electrical services<\/a>. Confort Expert does not offer plumbing or <a href=\"tel:514-640-7711\">duct cleaning services<\/a>.<\/p>\n<p><strong>Contact us today for a <\/strong><a href=\"https:\/\/www.confortexpert.com\/en\/quote\/\"><strong>free quote<\/strong><\/a> and find out how you can benefit from a subsidy for a heat pump in Montreal that is tailored to your situation. Together, let&#8217;s make your home more comfortable, energy efficient and economical.<\/p>\n\t<p><a href=\"https:\/\/natural-resources.canada.ca\/energy-efficiency\/home-energy-efficiency\/canada-greener-homes-initiative\/oil-heat-pump-affordability-program?_gl=1*1v5b8ww*_ga*MTEwMzY3MDYyMS4xNzU1ODAyMzE5*_ga_C2N57Y7DX5*czE3NTU4Njg0MjMkbzMkZzAkdDE3NTU4Njg0MjMkajYwJGwwJGgw\" target=\"_blank\" rel=\"noopener\">VERIFY YOUR ELIGIBILITY<strong> &gt;<\/strong><\/a><\/p>\n\t<p><a href=\"https:\/\/www.confortexpert.com\/en\/contact-us\/\" target=\"_blank\" rel=\"noopener\">CONTACT US<strong> &gt;<\/strong><\/a><\/p>\n\n","protected":false},"excerpt":{"rendered":"<p>Heat Pump Grants Available in the Greater Montreal Area! Thinking about installing or replacing a heat pump in Greater Montr\u00e9al? Great news, several heat pump subsidy programs are available to help you reduce the cost of purchase and installation while improving Grants for your heating and air conditioning systems and your electric vehicle charging station!&hellip;<\/p>\n","protected":false},"author":2,"featured_media":0,"parent":0,"menu_order":0,"comment_status":"closed","ping_status":"closed","template":"","meta":{"xn-wppe-expiration":[],"xn-wppe-expiration-action":[],"xn-wppe-expiration-prefix":[],"inline_featured_image":false,"footnotes":""},"class_list":["post-5907","page","type-page","status-publish","hentry"],"acf":[],"yoast_head":"<!-- This site is optimized with the Yoast SEO plugin v26.8 - https:\/\/yoast.com\/product\/yoast-seo-wordpress\/ -->\n<title>Heat Pump Grants for Greater Montreal | Confort Expert Inc.<\/title>\n<meta name=\"description\" content=\"Learn more about heat pump grants and other heating &amp; cooling grants. Contact Confort Expert in Greater Montreal, Laval &amp; Gatineau for your HVAC needs.\" \/>\n<meta name=\"robots\" content=\"index, follow, max-snippet:-1, max-image-preview:large, max-video-preview:-1\" \/>\n<link rel=\"canonical\" href=\"https:\/\/www.confortexpert.com\/en\/grants\/\" \/>\n<meta property=\"og:locale\" content=\"en_US\" \/>\n<meta property=\"og:type\" content=\"article\" \/>\n<meta property=\"og:title\" content=\"Heat Pump Grants for Greater Montreal | Confort Expert Inc.\" \/>\n<meta property=\"og:description\" content=\"Learn more about heat pump grants and other heating &amp; cooling grants. Contact Confort Expert in Greater Montreal, Laval &amp; Gatineau for your HVAC needs.\" \/>\n<meta property=\"og:url\" content=\"https:\/\/www.confortexpert.com\/en\/grants\/\" \/>\n<meta property=\"og:site_name\" content=\"Confort Expert Inc.\" \/>\n<meta property=\"article:modified_time\" content=\"2026-04-01T21:47:12+00:00\" \/>\n<meta property=\"og:image\" content=\"https:\/\/www.confortexpert.com\/wp-content\/uploads\/2025\/09\/Heat_Pump_EN_3800x970-2-scaled.jpg\" \/>\n<meta name=\"twitter:card\" content=\"summary_large_image\" \/>\n<meta name=\"twitter:label1\" content=\"Est. reading time\" \/>\n\t<meta name=\"twitter:data1\" content=\"4 minutes\" \/>\n<!-- \/ Yoast SEO plugin. -->","yoast_head_json":{"title":"Heat Pump Grants for Greater Montreal | Confort Expert Inc.","description":"Learn more about heat pump grants and other heating & cooling grants. Contact Confort Expert in Greater Montreal, Laval & Gatineau for your HVAC needs.","robots":{"index":"index","follow":"follow","max-snippet":"max-snippet:-1","max-image-preview":"max-image-preview:large","max-video-preview":"max-video-preview:-1"},"canonical":"https:\/\/www.confortexpert.com\/en\/grants\/","og_locale":"en_US","og_type":"article","og_title":"Heat Pump Grants for Greater Montreal | Confort Expert Inc.","og_description":"Learn more about heat pump grants and other heating & cooling grants. Contact Confort Expert in Greater Montreal, Laval & Gatineau for your HVAC needs.","og_url":"https:\/\/www.confortexpert.com\/en\/grants\/","og_site_name":"Confort Expert Inc.","article_modified_time":"2026-04-01T21:47:12+00:00","og_image":[{"url":"https:\/\/www.confortexpert.com\/wp-content\/uploads\/2025\/09\/Heat_Pump_EN_3800x970-2-scaled.jpg","type":"","width":"","height":""}],"twitter_card":"summary_large_image","twitter_misc":{"Est. reading time":"4 minutes"},"schema":{"@context":"https:\/\/schema.org","@graph":[{"@type":"WebPage","@id":"https:\/\/www.confortexpert.com\/en\/grants\/","url":"https:\/\/www.confortexpert.com\/en\/grants\/","name":"Heat Pump Grants for Greater Montreal | Confort Expert Inc.","isPartOf":{"@id":"https:\/\/www.confortexpert.com\/en\/#website"},"primaryImageOfPage":{"@id":"https:\/\/www.confortexpert.com\/en\/grants\/#primaryimage"},"image":{"@id":"https:\/\/www.confortexpert.com\/en\/grants\/#primaryimage"},"thumbnailUrl":"https:\/\/www.confortexpert.com\/wp-content\/uploads\/2025\/09\/Heat_Pump_EN_3800x970-2-scaled.jpg","datePublished":"2022-11-30T13:22:28+00:00","dateModified":"2026-04-01T21:47:12+00:00","description":"Learn more about heat pump grants and other heating & cooling grants. Contact Confort Expert in Greater Montreal, Laval & Gatineau for your HVAC needs.","breadcrumb":{"@id":"https:\/\/www.confortexpert.com\/en\/grants\/#breadcrumb"},"inLanguage":"en-US","potentialAction":[{"@type":"ReadAction","target":["https:\/\/www.confortexpert.com\/en\/grants\/"]}]},{"@type":"ImageObject","inLanguage":"en-US","@id":"https:\/\/www.confortexpert.com\/en\/grants\/#primaryimage","url":"https:\/\/www.confortexpert.com\/wp-content\/uploads\/2025\/09\/Heat_Pump_EN_3800x970-2-scaled.jpg","contentUrl":"https:\/\/www.confortexpert.com\/wp-content\/uploads\/2025\/09\/Heat_Pump_EN_3800x970-2-scaled.jpg"},{"@type":"BreadcrumbList","@id":"https:\/\/www.confortexpert.com\/en\/grants\/#breadcrumb","itemListElement":[{"@type":"ListItem","position":1,"name":"Home","item":"https:\/\/www.confortexpert.com\/en\/"},{"@type":"ListItem","position":2,"name":"Grants"}]},{"@type":"WebSite","@id":"https:\/\/www.confortexpert.com\/en\/#website","url":"https:\/\/www.confortexpert.com\/en\/","name":"Confort Expert Inc.","description":"","potentialAction":[{"@type":"SearchAction","target":{"@type":"EntryPoint","urlTemplate":"https:\/\/www.confortexpert.com\/en\/?s={search_term_string}"},"query-input":{"@type":"PropertyValueSpecification","valueRequired":true,"valueName":"search_term_string"}}],"inLanguage":"en-US"}]}},"_links":{"self":[{"href":"https:\/\/www.confortexpert.com\/en\/wp-json\/wp\/v2\/pages\/5907","targetHints":{"allow":["GET"]}}],"collection":[{"href":"https:\/\/www.confortexpert.com\/en\/wp-json\/wp\/v2\/pages"}],"about":[{"href":"https:\/\/www.confortexpert.com\/en\/wp-json\/wp\/v2\/types\/page"}],"author":[{"embeddable":true,"href":"https:\/\/www.confortexpert.com\/en\/wp-json\/wp\/v2\/users\/2"}],"replies":[{"embeddable":true,"href":"https:\/\/www.confortexpert.com\/en\/wp-json\/wp\/v2\/comments?post=5907"}],"version-history":[{"count":24,"href":"https:\/\/www.confortexpert.com\/en\/wp-json\/wp\/v2\/pages\/5907\/revisions"}],"predecessor-version":[{"id":13436,"href":"https:\/\/www.confortexpert.com\/en\/wp-json\/wp\/v2\/pages\/5907\/revisions\/13436"}],"wp:attachment":[{"href":"https:\/\/www.confortexpert.com\/en\/wp-json\/wp\/v2\/media?parent=5907"}],"curies":[{"name":"wp","href":"https:\/\/api.w.org\/{rel}","templated":true}]}}