{"id":9261,"date":"2024-04-15T16:26:49","date_gmt":"2024-04-15T20:26:49","guid":{"rendered":"https:\/\/www.confortexpert.com\/promotions-moovair\/"},"modified":"2024-12-18T12:44:29","modified_gmt":"2024-12-18T17:44:29","slug":"promotions-moovair","status":"publish","type":"page","link":"https:\/\/www.confortexpert.com\/en\/promotions-moovair\/","title":{"rendered":"Promotions Moovair"},"content":{"rendered":"\n\n\t\t\t<img decoding=\"async\" loading='false' src=\"https:\/\/www.confortexpert.com\/wp-content\/uploads\/2024\/04\/AdobeStock_619454581-scaled.jpeg\" alt=\"\" \/>\t\t\t\n\t\t\t\t<h2>PROMOTIONS CONFORT EXPERT<\/h2>\n<p>&nbsp;<\/p>\n<h1>Discover Our Latest Promotions<\/h1>\n\t<h1><strong>Discover Our Deals On Moovair Products<br \/>\n<\/strong><\/h1>\n<p>Discover our exclusive promotions at Confort Expert. <a href=\"https:\/\/www.confortexpert.com\/en\/contact-us\/\">Contact us<\/a> for more details on the offers. Our team will advise you on the products and offers most suited to your needs.<\/p>\n\t<h2><strong>REQUEST A QUOTE<\/strong><\/h2>\n<p>Contact us for an at-home quote*<\/p>\n\t\t\t<a href=\"https:\/\/www.confortexpert.com\/en\/quote\/\" target=\"_self\" rel=\"noopener\">\n\t\t\t\t\t\t\tLEARN MORE\n\t\t\t\t\t<\/a>\n\n","protected":false},"excerpt":{"rendered":"<p>PROMOTIONS CONFORT EXPERT &nbsp; Discover Our Latest Promotions Discover Our Deals On Moovair Products Discover our exclusive promotions at Confort Expert. Contact us for more details on the offers. Our team will advise you on the products and offers most suited to your needs. REQUEST A QUOTE Contact us for an at-home quote* LEARN MORE<\/p>\n","protected":false},"author":2,"featured_media":0,"parent":0,"menu_order":0,"comment_status":"closed","ping_status":"closed","template":"","meta":{"xn-wppe-expiration":[],"xn-wppe-expiration-action":[],"xn-wppe-expiration-prefix":[],"inline_featured_image":false,"footnotes":""},"class_list":["post-9261","page","type-page","status-publish","hentry"],"acf":[],"yoast_head":"<!-- This site is optimized with the Yoast SEO plugin v26.8 - https:\/\/yoast.com\/product\/yoast-seo-wordpress\/ -->\n<title>Promotions service chauffage climatisation | Confort Expert<\/title>\n<meta name=\"description\" content=\"Confort Expert offre plusieurs promotions sur la vente de nos syst\u00e8mes de chauffage et climatiseur Moovair \u00e0 Montr\u00e9al et \u00e0 Laval. Consultez nos offres du moment!!\" \/>\n<meta name=\"robots\" content=\"index, follow, max-snippet:-1, max-image-preview:large, max-video-preview:-1\" \/>\n<link rel=\"canonical\" href=\"https:\/\/www.confortexpert.com\/en\/promotions-moovair\/\" \/>\n<meta property=\"og:locale\" content=\"en_US\" \/>\n<meta property=\"og:type\" content=\"article\" \/>\n<meta property=\"og:title\" content=\"Promotions service chauffage climatisation | Confort Expert\" \/>\n<meta property=\"og:description\" content=\"Confort Expert offre plusieurs promotions sur la vente de nos syst\u00e8mes de chauffage et climatiseur Moovair \u00e0 Montr\u00e9al et \u00e0 Laval. Consultez nos offres du moment!!\" \/>\n<meta property=\"og:url\" content=\"https:\/\/www.confortexpert.com\/en\/promotions-moovair\/\" \/>\n<meta property=\"og:site_name\" content=\"Confort Expert Inc.\" \/>\n<meta property=\"article:modified_time\" content=\"2024-12-18T17:44:29+00:00\" \/>\n<meta property=\"og:image\" content=\"https:\/\/www.confortexpert.com\/wp-content\/uploads\/2024\/04\/AdobeStock_619454581-scaled.jpeg\" \/>\n<meta name=\"twitter:card\" content=\"summary_large_image\" \/>\n<meta name=\"twitter:label1\" content=\"Est. reading time\" \/>\n\t<meta name=\"twitter:data1\" content=\"1 minute\" \/>\n<!-- \/ Yoast SEO plugin. -->","yoast_head_json":{"title":"Promotions service chauffage climatisation | Confort Expert","description":"Confort Expert offre plusieurs promotions sur la vente de nos syst\u00e8mes de chauffage et climatiseur Moovair \u00e0 Montr\u00e9al et \u00e0 Laval. Consultez nos offres du moment!!","robots":{"index":"index","follow":"follow","max-snippet":"max-snippet:-1","max-image-preview":"max-image-preview:large","max-video-preview":"max-video-preview:-1"},"canonical":"https:\/\/www.confortexpert.com\/en\/promotions-moovair\/","og_locale":"en_US","og_type":"article","og_title":"Promotions service chauffage climatisation | Confort Expert","og_description":"Confort Expert offre plusieurs promotions sur la vente de nos syst\u00e8mes de chauffage et climatiseur Moovair \u00e0 Montr\u00e9al et \u00e0 Laval. Consultez nos offres du moment!!","og_url":"https:\/\/www.confortexpert.com\/en\/promotions-moovair\/","og_site_name":"Confort Expert Inc.","article_modified_time":"2024-12-18T17:44:29+00:00","og_image":[{"url":"https:\/\/www.confortexpert.com\/wp-content\/uploads\/2024\/04\/AdobeStock_619454581-scaled.jpeg","type":"","width":"","height":""}],"twitter_card":"summary_large_image","twitter_misc":{"Est. reading time":"1 minute"},"schema":{"@context":"https:\/\/schema.org","@graph":[{"@type":"WebPage","@id":"https:\/\/www.confortexpert.com\/en\/promotions-moovair\/","url":"https:\/\/www.confortexpert.com\/en\/promotions-moovair\/","name":"Promotions service chauffage climatisation | Confort Expert","isPartOf":{"@id":"https:\/\/www.confortexpert.com\/en\/#website"},"primaryImageOfPage":{"@id":"https:\/\/www.confortexpert.com\/en\/promotions-moovair\/#primaryimage"},"image":{"@id":"https:\/\/www.confortexpert.com\/en\/promotions-moovair\/#primaryimage"},"thumbnailUrl":"https:\/\/www.confortexpert.com\/wp-content\/uploads\/2024\/04\/AdobeStock_619454581-scaled.jpeg","datePublished":"2024-04-15T20:26:49+00:00","dateModified":"2024-12-18T17:44:29+00:00","description":"Confort Expert offre plusieurs promotions sur la vente de nos syst\u00e8mes de chauffage et climatiseur Moovair \u00e0 Montr\u00e9al et \u00e0 Laval. Consultez nos offres du moment!!","breadcrumb":{"@id":"https:\/\/www.confortexpert.com\/en\/promotions-moovair\/#breadcrumb"},"inLanguage":"en-US","potentialAction":[{"@type":"ReadAction","target":["https:\/\/www.confortexpert.com\/en\/promotions-moovair\/"]}]},{"@type":"ImageObject","inLanguage":"en-US","@id":"https:\/\/www.confortexpert.com\/en\/promotions-moovair\/#primaryimage","url":"https:\/\/www.confortexpert.com\/wp-content\/uploads\/2024\/04\/AdobeStock_619454581-scaled.jpeg","contentUrl":"https:\/\/www.confortexpert.com\/wp-content\/uploads\/2024\/04\/AdobeStock_619454581-scaled.jpeg"},{"@type":"BreadcrumbList","@id":"https:\/\/www.confortexpert.com\/en\/promotions-moovair\/#breadcrumb","itemListElement":[{"@type":"ListItem","position":1,"name":"Home","item":"https:\/\/www.confortexpert.com\/en\/"},{"@type":"ListItem","position":2,"name":"Promotions Moovair"}]},{"@type":"WebSite","@id":"https:\/\/www.confortexpert.com\/en\/#website","url":"https:\/\/www.confortexpert.com\/en\/","name":"Confort Expert Inc.","description":"","potentialAction":[{"@type":"SearchAction","target":{"@type":"EntryPoint","urlTemplate":"https:\/\/www.confortexpert.com\/en\/?s={search_term_string}"},"query-input":{"@type":"PropertyValueSpecification","valueRequired":true,"valueName":"search_term_string"}}],"inLanguage":"en-US"}]}},"_links":{"self":[{"href":"https:\/\/www.confortexpert.com\/en\/wp-json\/wp\/v2\/pages\/9261","targetHints":{"allow":["GET"]}}],"collection":[{"href":"https:\/\/www.confortexpert.com\/en\/wp-json\/wp\/v2\/pages"}],"about":[{"href":"https:\/\/www.confortexpert.com\/en\/wp-json\/wp\/v2\/types\/page"}],"author":[{"embeddable":true,"href":"https:\/\/www.confortexpert.com\/en\/wp-json\/wp\/v2\/users\/2"}],"replies":[{"embeddable":true,"href":"https:\/\/www.confortexpert.com\/en\/wp-json\/wp\/v2\/comments?post=9261"}],"version-history":[{"count":2,"href":"https:\/\/www.confortexpert.com\/en\/wp-json\/wp\/v2\/pages\/9261\/revisions"}],"predecessor-version":[{"id":9267,"href":"https:\/\/www.confortexpert.com\/en\/wp-json\/wp\/v2\/pages\/9261\/revisions\/9267"}],"wp:attachment":[{"href":"https:\/\/www.confortexpert.com\/en\/wp-json\/wp\/v2\/media?parent=9261"}],"curies":[{"name":"wp","href":"https:\/\/api.w.org\/{rel}","templated":true}]}}